{"id":1740,"date":"2026-03-08T15:08:56","date_gmt":"2026-03-08T15:08:56","guid":{"rendered":"https:\/\/gmfushawi.ca\/?page_id=1740"},"modified":"2026-04-01T10:14:32","modified_gmt":"2026-04-01T10:14:32","slug":"prendre-rendez-vous","status":"publish","type":"page","link":"https:\/\/gmfushawi.ca\/index.php\/prendre-rendez-vous\/","title":{"rendered":"Prendre rendez-vous"},"content":{"rendered":"\n<p><br><strong>Comment prendre rendez-vous avec mon m\u00e9decin ?<\/strong><\/p>\n\n\n\n<div class=\"wp-block-columns is-layout-flex wp-container-core-columns-is-layout-9d6595d7 wp-block-columns-is-layout-flex\">\n<div class=\"wp-block-column is-layout-flow wp-block-column-is-layout-flow\">\n<h3 class=\"wp-block-heading\">VIA LE PORTAIL PATIENT<\/h3>\n\n\n\n<p>Utilisez le portail patient pour obtenir un rendez-vous en ligne.<\/p>\n\n\n\n<p>Si aucun rendez-vous n\u2019est disponible sur le portail veuillez communiquer avec le secr\u00e9tariat, il est probable que d\u2019autre places soient disponibles.<\/p>\n\n\n\n<div class=\"wp-block-columns is-layout-flex wp-container-core-columns-is-layout-9d6595d7 wp-block-columns-is-layout-flex\">\n<div class=\"wp-block-column is-layout-flow wp-block-column-is-layout-flow\">\n<div class=\"wp-block-buttons is-layout-flex wp-block-buttons-is-layout-flex\">\n<div class=\"wp-block-button\"><a class=\"wp-block-button__link has-text-color has-background has-link-color wp-element-button\" href=\"https:\/\/umfshawinigan.portail.medfarsolutions.com\/fr\/login\" style=\"color:#ffc836;background-color:#00308c\" target=\"_blank\" rel=\"noreferrer noopener\">Se connecter<\/a><\/div>\n<\/div>\n<\/div>\n\n\n\n<div class=\"wp-block-column is-layout-flow wp-block-column-is-layout-flow\">\n<div class=\"wp-block-buttons is-layout-flex wp-block-buttons-is-layout-flex\">\n<div class=\"wp-block-button is-style-fill\"><a class=\"wp-block-button__link has-text-color has-background has-link-color wp-element-button\" href=\"https:\/\/umfshawinigan.portail.medfarsolutions.com\/fr\/register\" style=\"color:#ffc836;background-color:#00308c\" target=\"_blank\" rel=\"noreferrer noopener\">Cr\u00e9er un compte<\/a><\/div>\n<\/div>\n<\/div>\n<\/div>\n\n\n\n<h4 class=\"wp-block-heading\">Premi\u00e8re utilisation ou cr\u00e9ation de nouveau compte :<\/h4>\n\n\n\n<p>Une personne vous contactera pour compl\u00e9ter votre inscription et v\u00e9rifier votre identit\u00e9.<\/p>\n\n\n\n<p>Vous pouvez aussi consulter le guide d\u2019utilisation :<\/p>\n\n\n\n<div class=\"wp-block-buttons is-layout-flex wp-block-buttons-is-layout-flex\">\n<div class=\"wp-block-button\"><a class=\"wp-block-button__link has-text-color has-background has-link-color wp-element-button\" href=\"https:\/\/gmfushawi.ca\/wp-content\/uploads\/2026\/03\/GuideUtilisateurPortailPatient.pdf\" style=\"color:#ffc836;background-color:#00308c\" target=\"_blank\" rel=\"noreferrer noopener\">Guide de l&rsquo;utilisateur<\/a><\/div>\n<\/div>\n<\/div>\n\n\n\n<div class=\"wp-block-column is-layout-flow wp-block-column-is-layout-flow\">\n<h3 class=\"wp-block-heading\">PAR T\u00c9L\u00c9PHONE<\/h3>\n\n\n\n<p><strong>Lundi au vendredi : <\/strong>de 08:30 \u00e0 12:00 et de 13:00 \u00e0 15:00<\/p>\n\n\n\n<p><strong>Fin de semaine et f\u00e9ri\u00e9s : <\/strong>08:00 \u00e0 midi (<em>lignes ouvertes seulement pour le d\u00e9pannage<\/em>)<\/p>\n\n\n\n\t\t\t\t\t\t\t<h3 style=\"margin-bottom:20px;display:block;width:100%;margin-top:10px\">Nos \u00e9quipes <\/h3>\r\n\t\t\t\t\t\t<style>\r\n\t\t\t\t<style>\r\n#wpsm_accordion_1756 .wpsm_panel-heading{\r\n\tpadding:0px !important;\r\n}\r\n#wpsm_accordion_1756 .wpsm_panel-title {\r\n\tmargin:0px !important; \r\n\ttext-transform:none !important;\r\n\tline-height: 1 !important;\r\n}\r\n#wpsm_accordion_1756 .wpsm_panel-title a{\r\n\ttext-decoration:none;\r\n\toverflow:hidden;\r\n\tdisplay:block;\r\n\tpadding:0px;\r\n\tfont-size: 18px !important;\r\n\tfont-family: Open Sans !important;\r\n\tcolor:#000000 !important;\r\n\tborder-bottom:0px !important;\r\n}\r\n\r\n#wpsm_accordion_1756 .wpsm_panel-title a:focus {\r\noutline: 0px !important;\r\n}\r\n\r\n#wpsm_accordion_1756 .wpsm_panel-title a:hover, #wpsm_accordion_1756 .wpsm_panel-title a:focus {\r\n\tcolor:#000000 !important;\r\n}\r\n#wpsm_accordion_1756 .acc-a{\r\n\tcolor: #000000 !important;\r\n\tbackground-color:#e8e8e8 !important;\r\n\tborder-color: #ddd;\r\n}\r\n#wpsm_accordion_1756 .wpsm_panel-default > .wpsm_panel-heading{\r\n\tcolor: #000000 !important;\r\n\tbackground-color: #e8e8e8 !important;\r\n\tborder-color: #e8e8e8 !important;\r\n\tborder-top-left-radius: 0px;\r\n\tborder-top-right-radius: 0px;\r\n}\r\n#wpsm_accordion_1756 .wpsm_panel-default {\r\n\t\tborder:1px solid transparent !important;\r\n\t}\r\n#wpsm_accordion_1756 {\r\n\tmargin-bottom: 20px;\r\n\toverflow: hidden;\r\n\tfloat: none;\r\n\twidth: 100%;\r\n\tdisplay: block;\r\n}\r\n#wpsm_accordion_1756 .ac_title_class{\r\n\tdisplay: block;\r\n\tpadding-top: 12px;\r\n\tpadding-bottom: 12px;\r\n\tpadding-left: 15px;\r\n\tpadding-right: 15px;\r\n}\r\n#wpsm_accordion_1756  .wpsm_panel {\r\n\toverflow:hidden;\r\n\t-webkit-box-shadow: 0 0px 0px rgba(0, 0, 0, .05);\r\n\tbox-shadow: 0 0px 0px rgba(0, 0, 0, .05);\r\n\t\tborder-radius: 4px;\r\n\t}\r\n#wpsm_accordion_1756  .wpsm_panel + .wpsm_panel {\r\n\t\tmargin-top: 5px;\r\n\t}\r\n#wpsm_accordion_1756  .wpsm_panel-body{\r\n\tbackground-color:#ffffff !important;\r\n\tcolor:#000000 !important;\r\n\tborder-top-color: #e8e8e8 !important;\r\n\tfont-size:16px !important;\r\n\tfont-family: Open Sans !important;\r\n\toverflow: hidden;\r\n\t\tborder: 2px solid #e8e8e8 !important;\r\n\t}\r\n\r\n#wpsm_accordion_1756 .ac_open_cl_icon{\r\n\tbackground-color:#e8e8e8 !important;\r\n\tcolor: #000000 !important;\r\n\tfloat:right !important;\r\n\tpadding-top: 12px !important;\r\n\tpadding-bottom: 12px !important;\r\n\tline-height: 1.0 !important;\r\n\tpadding-left: 15px !important;\r\n\tpadding-right: 15px !important;\r\n\tdisplay: inline-block !important;\r\n}\r\n\r\n\t\t\t\r\n\t\t\t<\/style>\t\r\n\t\t\t<\/style>\r\n\t\t\t<div class=\"wpsm_panel-group\" id=\"wpsm_accordion_1756\" >\r\n\t\t\t\t\t\t\t\t\r\n\t\t\t\t\t<!-- Inner panel Start -->\r\n\t\t\t\t\t<div class=\"wpsm_panel wpsm_panel-default\">\r\n\t\t\t\t\t\t<div class=\"wpsm_panel-heading\" role=\"tab\" >\r\n\t\t\t\t\t\t  <h4 class=\"wpsm_panel-title\">\r\n\t\t\t\t\t\t\t<a  class=\"\"  data-toggle=\"collapse\" data-parent=\"#wpsm_accordion_1756 \" href=\"javascript:void(0)\" data-target=\"#ac_1756_collapse1\" onclick=\"do_resize()\">\r\n\t\t\t\t\t\t\t\t\t\t\t\t\t\t\t\t\t<span class=\"ac_open_cl_icon fa fa-plus\"><\/span>\r\n\t\t\t\t\t\t\t\t\t\r\n\t\t\t\t\t\t\t\t \r\n\t\t\t\t\t\t\t\t<span class=\"ac_title_class\">\r\n\t\t\t\t\t\t\t\t\t\t\t\t\t\t\t\t\t\t\t\t<span style=\"margin-right:6px;\" class=\"fa fa-group\"><\/span>\r\n\t\t\t\t\t\t\t\t\tR\u00e9sidents\t\t\t\t\t\t\t\t<\/span>\r\n\t\t\t\t\t\t\t<\/a>\r\n\t\t\t\t\t\t  <\/h4>\r\n\t\t\t\t\t\t<\/div>\r\n\t\t\t\t\t\t<div id=\"ac_1756_collapse1\" class=\"wpsm_panel-collapse collapse \"  >\r\n\t\t\t\t\t\t  <div class=\"wpsm_panel-body\">\r\n\t\t\t\t\t\t\t<h3><strong>(819) 536-7511 #3 puis 1<\/strong><\/h3>\r\n<ul>\r\n \t<li>Dre Fr\u00e9d\u00e9rique Gauthier-Bisaillon, R1<\/li>\r\n \t<li>Dre Rossiana Bojinova, R1<\/li>\r\n \t<li>Dr Gabriel Bussi\u00e8res, R2<\/li>\r\n \t<li>Dre Bianca C\u00e9cile, R2<\/li>\r\n \t<li>Dre Alexandra Dessureault, R2<\/li>\r\n \t<li>Dre Charlie Dupras, R2<\/li>\r\n \t<li>Dre Daissy Lorena Florez Quintana, R1<\/li>\r\n \t<li>Dr Marc-Antoine S\u00e9guin, R1<\/li>\r\n \t<li>Dre Andr\u00e9a Senay, R1<\/li>\r\n \t<li>Dre \u00c9va Travaillaud, R1<\/li>\r\n<\/ul>\t\t\t\t\t\t  <\/div>\r\n\t\t\t\t\t\t<\/div>\r\n\t\t\t\t\t<\/div>\r\n\t\t\t\t\t<!-- Inner panel End -->\r\n\t\t\t\t\t\r\n\t\t\t\t\t\t\t\t\r\n\t\t\t\t\t<!-- Inner panel Start -->\r\n\t\t\t\t\t<div class=\"wpsm_panel wpsm_panel-default\">\r\n\t\t\t\t\t\t<div class=\"wpsm_panel-heading\" role=\"tab\" >\r\n\t\t\t\t\t\t  <h4 class=\"wpsm_panel-title\">\r\n\t\t\t\t\t\t\t<a  class=\"collapsed\"  data-toggle=\"collapse\" data-parent=\"#wpsm_accordion_1756 \" href=\"javascript:void(0)\" data-target=\"#ac_1756_collapse2\" onclick=\"do_resize()\">\r\n\t\t\t\t\t\t\t\t\t\t\t\t\t\t\t\t\t<span class=\"ac_open_cl_icon fa fa-plus\"><\/span>\r\n\t\t\t\t\t\t\t\t\t\r\n\t\t\t\t\t\t\t\t \r\n\t\t\t\t\t\t\t\t<span class=\"ac_title_class\">\r\n\t\t\t\t\t\t\t\t\t\t\t\t\t\t\t\t\t\t\t\t<span style=\"margin-right:6px;\" class=\"fa fa-group\"><\/span>\r\n\t\t\t\t\t\t\t\t\tInfirmi\u00e8res cliniciennes\t\t\t\t\t\t\t\t<\/span>\r\n\t\t\t\t\t\t\t<\/a>\r\n\t\t\t\t\t\t  <\/h4>\r\n\t\t\t\t\t\t<\/div>\r\n\t\t\t\t\t\t<div id=\"ac_1756_collapse2\" class=\"wpsm_panel-collapse collapse \"  >\r\n\t\t\t\t\t\t  <div class=\"wpsm_panel-body\">\r\n\t\t\t\t\t\t\t<h3><strong>(819) 536-7511 #4 puis 1<\/strong><\/h3>\r\n<ul>\r\n \t<li>Catherine Beaudoin<\/li>\r\n \t<li>Julie Brodeur<\/li>\r\n \t<li>Val\u00e9rie Francoeur<\/li>\r\n \t<li>Marc Libold<\/li>\r\n \t<li>\u00c9milye Valli\u00e8res<\/li>\r\n<\/ul>\t\t\t\t\t\t  <\/div>\r\n\t\t\t\t\t\t<\/div>\r\n\t\t\t\t\t<\/div>\r\n\t\t\t\t\t<!-- Inner panel End -->\r\n\t\t\t\t\t\r\n\t\t\t\t\t\t\t\t\r\n\t\t\t\t\t<!-- Inner panel Start -->\r\n\t\t\t\t\t<div class=\"wpsm_panel wpsm_panel-default\">\r\n\t\t\t\t\t\t<div class=\"wpsm_panel-heading\" role=\"tab\" >\r\n\t\t\t\t\t\t  <h4 class=\"wpsm_panel-title\">\r\n\t\t\t\t\t\t\t<a  class=\"collapsed\"  data-toggle=\"collapse\" data-parent=\"#wpsm_accordion_1756 \" href=\"javascript:void(0)\" data-target=\"#ac_1756_collapse3\" onclick=\"do_resize()\">\r\n\t\t\t\t\t\t\t\t\t\t\t\t\t\t\t\t\t<span class=\"ac_open_cl_icon fa fa-plus\"><\/span>\r\n\t\t\t\t\t\t\t\t\t\r\n\t\t\t\t\t\t\t\t \r\n\t\t\t\t\t\t\t\t<span class=\"ac_title_class\">\r\n\t\t\t\t\t\t\t\t\t\t\t\t\t\t\t\t\t\t\t\t<span style=\"margin-right:6px;\" class=\"fa fa-group\"><\/span>\r\n\t\t\t\t\t\t\t\t\tTravail social\t\t\t\t\t\t\t\t<\/span>\r\n\t\t\t\t\t\t\t<\/a>\r\n\t\t\t\t\t\t  <\/h4>\r\n\t\t\t\t\t\t<\/div>\r\n\t\t\t\t\t\t<div id=\"ac_1756_collapse3\" class=\"wpsm_panel-collapse collapse \"  >\r\n\t\t\t\t\t\t  <div class=\"wpsm_panel-body\">\r\n\t\t\t\t\t\t\t<h3><strong>(819) 536-7511 #5 puis 1<\/strong><\/h3>\r\n<ul>\r\n \t<li>Alexandrine Morand<\/li>\r\n<\/ul>\t\t\t\t\t\t  <\/div>\r\n\t\t\t\t\t\t<\/div>\r\n\t\t\t\t\t<\/div>\r\n\t\t\t\t\t<!-- Inner panel End -->\r\n\t\t\t\t\t\r\n\t\t\t\t\t\t\t\t\r\n\t\t\t\t\t<!-- Inner panel Start -->\r\n\t\t\t\t\t<div class=\"wpsm_panel wpsm_panel-default\">\r\n\t\t\t\t\t\t<div class=\"wpsm_panel-heading\" role=\"tab\" >\r\n\t\t\t\t\t\t  <h4 class=\"wpsm_panel-title\">\r\n\t\t\t\t\t\t\t<a  class=\"collapsed\"  data-toggle=\"collapse\" data-parent=\"#wpsm_accordion_1756 \" href=\"javascript:void(0)\" data-target=\"#ac_1756_collapse4\" onclick=\"do_resize()\">\r\n\t\t\t\t\t\t\t\t\t\t\t\t\t\t\t\t\t<span class=\"ac_open_cl_icon fa fa-plus\"><\/span>\r\n\t\t\t\t\t\t\t\t\t\r\n\t\t\t\t\t\t\t\t \r\n\t\t\t\t\t\t\t\t<span class=\"ac_title_class\">\r\n\t\t\t\t\t\t\t\t\t\t\t\t\t\t\t\t\t\t\t\t<span style=\"margin-right:6px;\" class=\"fa fa-group\"><\/span>\r\n\t\t\t\t\t\t\t\t\tIPSPL\t\t\t\t\t\t\t\t<\/span>\r\n\t\t\t\t\t\t\t<\/a>\r\n\t\t\t\t\t\t  <\/h4>\r\n\t\t\t\t\t\t<\/div>\r\n\t\t\t\t\t\t<div id=\"ac_1756_collapse4\" class=\"wpsm_panel-collapse collapse \"  >\r\n\t\t\t\t\t\t  <div class=\"wpsm_panel-body\">\r\n\t\t\t\t\t\t\t<h3><strong>(819) 536-7511 #6 puis 1<\/strong><\/h3>\r\n<ul>\r\n \t<li>Caroline Blais<\/li>\r\n \t<li>Charlie La Victoire<\/li>\r\n \t<li>\u00c9milie Larivi\u00e8re<\/li>\r\n \t<li>Joannie Renaud<\/li>\r\n<\/ul>\t\t\t\t\t\t  <\/div>\r\n\t\t\t\t\t\t<\/div>\r\n\t\t\t\t\t<\/div>\r\n\t\t\t\t\t<!-- Inner panel End -->\r\n\t\t\t\t\t\r\n\t\t\t\t\t\t\t\t\r\n\t\t\t\t\t<!-- Inner panel Start -->\r\n\t\t\t\t\t<div class=\"wpsm_panel wpsm_panel-default\">\r\n\t\t\t\t\t\t<div class=\"wpsm_panel-heading\" role=\"tab\" >\r\n\t\t\t\t\t\t  <h4 class=\"wpsm_panel-title\">\r\n\t\t\t\t\t\t\t<a  class=\"collapsed\"  data-toggle=\"collapse\" data-parent=\"#wpsm_accordion_1756 \" href=\"javascript:void(0)\" data-target=\"#ac_1756_collapse5\" onclick=\"do_resize()\">\r\n\t\t\t\t\t\t\t\t\t\t\t\t\t\t\t\t\t<span class=\"ac_open_cl_icon fa fa-plus\"><\/span>\r\n\t\t\t\t\t\t\t\t\t\r\n\t\t\t\t\t\t\t\t \r\n\t\t\t\t\t\t\t\t<span class=\"ac_title_class\">\r\n\t\t\t\t\t\t\t\t\t\t\t\t\t\t\t\t\t\t\t\t<span style=\"margin-right:6px;\" class=\"fa fa-group\"><\/span>\r\n\t\t\t\t\t\t\t\t\tM\u00e9decins patrons, \u00e9quipe 1\t\t\t\t\t\t\t\t<\/span>\r\n\t\t\t\t\t\t\t<\/a>\r\n\t\t\t\t\t\t  <\/h4>\r\n\t\t\t\t\t\t<\/div>\r\n\t\t\t\t\t\t<div id=\"ac_1756_collapse5\" class=\"wpsm_panel-collapse collapse \"  >\r\n\t\t\t\t\t\t  <div class=\"wpsm_panel-body\">\r\n\t\t\t\t\t\t\t<h3><strong>(819) 536-7511 #7 puis 1<\/strong><\/h3>\r\n<ul>\r\n \t<li>Dre Taylor Aust<\/li>\r\n \t<li>Dre Catherine Boisvert<\/li>\r\n \t<li>Dre Judy Deschesnes<\/li>\r\n \t<li>Dre Pascale Frenette-Marier<\/li>\r\n \t<li>Dre Alexandra Plante<\/li>\r\n \t<li>Dr James Timmons<\/li>\r\n<\/ul>\r\n\u00a0\t\t\t\t\t\t  <\/div>\r\n\t\t\t\t\t\t<\/div>\r\n\t\t\t\t\t<\/div>\r\n\t\t\t\t\t<!-- Inner panel End -->\r\n\t\t\t\t\t\r\n\t\t\t\t\t\t\t\t\r\n\t\t\t\t\t<!-- Inner panel Start -->\r\n\t\t\t\t\t<div class=\"wpsm_panel wpsm_panel-default\">\r\n\t\t\t\t\t\t<div class=\"wpsm_panel-heading\" role=\"tab\" >\r\n\t\t\t\t\t\t  <h4 class=\"wpsm_panel-title\">\r\n\t\t\t\t\t\t\t<a  class=\"collapsed\"  data-toggle=\"collapse\" data-parent=\"#wpsm_accordion_1756 \" href=\"javascript:void(0)\" data-target=\"#ac_1756_collapse6\" onclick=\"do_resize()\">\r\n\t\t\t\t\t\t\t\t\t\t\t\t\t\t\t\t\t<span class=\"ac_open_cl_icon fa fa-plus\"><\/span>\r\n\t\t\t\t\t\t\t\t\t\r\n\t\t\t\t\t\t\t\t \r\n\t\t\t\t\t\t\t\t<span class=\"ac_title_class\">\r\n\t\t\t\t\t\t\t\t\t\t\t\t\t\t\t\t\t\t\t\t<span style=\"margin-right:6px;\" class=\"fa fa-group\"><\/span>\r\n\t\t\t\t\t\t\t\t\tM\u00e9decins patrons, \u00e9quipe 2\t\t\t\t\t\t\t\t<\/span>\r\n\t\t\t\t\t\t\t<\/a>\r\n\t\t\t\t\t\t  <\/h4>\r\n\t\t\t\t\t\t<\/div>\r\n\t\t\t\t\t\t<div id=\"ac_1756_collapse6\" class=\"wpsm_panel-collapse collapse \"  >\r\n\t\t\t\t\t\t  <div class=\"wpsm_panel-body\">\r\n\t\t\t\t\t\t\t<h3><strong>(819) 536-7511 #7 puis 2<\/strong><\/h3>\r\n<ul>\r\n \t<li>Dre Catherine Aigner-Therrien<\/li>\r\n \t<li>Dre Laurence Guillot<\/li>\r\n \t<li>Dre Claudel Lamy<\/li>\r\n \t<li>Dre Marie-\u00c8ve Parent<\/li>\r\n \t<li>Dr Alain Pelletier<\/li>\r\n \t<li>Dre Audrey Renaud<\/li>\r\n<\/ul>\t\t\t\t\t\t  <\/div>\r\n\t\t\t\t\t\t<\/div>\r\n\t\t\t\t\t<\/div>\r\n\t\t\t\t\t<!-- Inner panel End -->\r\n\t\t\t\t\t\r\n\t\t\t\t\t\t\t\t\r\n\t\t\t\t\t<!-- Inner panel Start -->\r\n\t\t\t\t\t<div class=\"wpsm_panel wpsm_panel-default\">\r\n\t\t\t\t\t\t<div class=\"wpsm_panel-heading\" role=\"tab\" >\r\n\t\t\t\t\t\t  <h4 class=\"wpsm_panel-title\">\r\n\t\t\t\t\t\t\t<a  class=\"collapsed\"  data-toggle=\"collapse\" data-parent=\"#wpsm_accordion_1756 \" href=\"javascript:void(0)\" data-target=\"#ac_1756_collapse7\" onclick=\"do_resize()\">\r\n\t\t\t\t\t\t\t\t\t\t\t\t\t\t\t\t\t<span class=\"ac_open_cl_icon fa fa-plus\"><\/span>\r\n\t\t\t\t\t\t\t\t\t\r\n\t\t\t\t\t\t\t\t \r\n\t\t\t\t\t\t\t\t<span class=\"ac_title_class\">\r\n\t\t\t\t\t\t\t\t\t\t\t\t\t\t\t\t\t\t\t\t<span style=\"margin-right:6px;\" class=\"fa fa-group\"><\/span>\r\n\t\t\t\t\t\t\t\t\tM\u00e9decins patrons, \u00e9quipe 3\t\t\t\t\t\t\t\t<\/span>\r\n\t\t\t\t\t\t\t<\/a>\r\n\t\t\t\t\t\t  <\/h4>\r\n\t\t\t\t\t\t<\/div>\r\n\t\t\t\t\t\t<div id=\"ac_1756_collapse7\" class=\"wpsm_panel-collapse collapse \"  >\r\n\t\t\t\t\t\t  <div class=\"wpsm_panel-body\">\r\n\t\t\t\t\t\t\t<h3><strong>(819) 536-7511 #7 puis 3<\/strong><\/h3>\r\n<ul>\r\n \t<li>Dre Sarah Casaubon<\/li>\r\n \t<li>Dr Martin Fortier<\/li>\r\n \t<li>Dre Catherine Guertin<\/li>\r\n \t<li>Dr Fr\u00e9d\u00e9ric Picotte<\/li>\r\n<\/ul>\t\t\t\t\t\t  <\/div>\r\n\t\t\t\t\t\t<\/div>\r\n\t\t\t\t\t<\/div>\r\n\t\t\t\t\t<!-- Inner panel End -->\r\n\t\t\t\t\t\r\n\t\t\t\t\t\t\t\t\r\n\t\t\t\t\t<!-- Inner panel Start -->\r\n\t\t\t\t\t<div class=\"wpsm_panel wpsm_panel-default\">\r\n\t\t\t\t\t\t<div class=\"wpsm_panel-heading\" role=\"tab\" >\r\n\t\t\t\t\t\t  <h4 class=\"wpsm_panel-title\">\r\n\t\t\t\t\t\t\t<a  class=\"collapsed\"  data-toggle=\"collapse\" data-parent=\"#wpsm_accordion_1756 \" href=\"javascript:void(0)\" data-target=\"#ac_1756_collapse8\" onclick=\"do_resize()\">\r\n\t\t\t\t\t\t\t\t\t\t\t\t\t\t\t\t\t<span class=\"ac_open_cl_icon fa fa-plus\"><\/span>\r\n\t\t\t\t\t\t\t\t\t\r\n\t\t\t\t\t\t\t\t \r\n\t\t\t\t\t\t\t\t<span class=\"ac_title_class\">\r\n\t\t\t\t\t\t\t\t\t\t\t\t\t\t\t\t\t\t\t\t<span style=\"margin-right:6px;\" class=\"fa fa-group\"><\/span>\r\n\t\t\t\t\t\t\t\t\tM\u00e9decins patrons, \u00e9quipe 4\t\t\t\t\t\t\t\t<\/span>\r\n\t\t\t\t\t\t\t<\/a>\r\n\t\t\t\t\t\t  <\/h4>\r\n\t\t\t\t\t\t<\/div>\r\n\t\t\t\t\t\t<div id=\"ac_1756_collapse8\" class=\"wpsm_panel-collapse collapse \"  >\r\n\t\t\t\t\t\t  <div class=\"wpsm_panel-body\">\r\n\t\t\t\t\t\t\t<h3><strong>(819) 536-7511 #7 puis 4<\/strong><\/h3>\r\n<ul>\r\n \t<li>Dre Camille Dumais<\/li>\r\n \t<li>Dre L\u00e9a Sanscartier<\/li>\r\n \t<li>Dre Chlo\u00e9 Tr\u00e9panier<\/li>\r\n \t<li>Dre M\u00e9lissa Trudel<\/li>\r\n<\/ul>\t\t\t\t\t\t  <\/div>\r\n\t\t\t\t\t\t<\/div>\r\n\t\t\t\t\t<\/div>\r\n\t\t\t\t\t<!-- Inner panel End -->\r\n\t\t\t\t\t\r\n\t\t\t\t\t\t\t<\/div>\r\n\t\t\t\r\n<script type=\"text\/javascript\">\r\n\t\r\n\t\tfunction do_resize(){\r\n\r\n\t\t\tvar width=jQuery( '.wpsm_panel .wpsm_panel-body iframe' ).width();\r\n\t\t\tvar height=jQuery( '.wpsm_panel .wpsm_panel-body iframe' ).height();\r\n\r\n\t\t\tvar toggleSize = true;\r\n\t\t\tjQuery('iframe').animate({\r\n\t\t\t    width: toggleSize ? width : 640,\r\n\t\t\t    height: toggleSize ? height : 360\r\n\t\t\t  }, 250);\r\n\r\n\t\t\t  toggleSize = !toggleSize;\r\n\t\t}\r\n\t\t\r\n<\/script>\t\n\n\n\n<h3 class=\"wp-block-heading\">VIA RENDEZ-VOUS SANT\u00c9 QU\u00c9BEC<\/h3>\n\n\n\n<p><a href=\"https:\/\/www.rvsq.gouv.qc.ca\/accueil\">https:\/\/www.rvsq.gouv.qc.ca\/accueil<\/a><\/p>\n\n\n\n<h3 class=\"wp-block-heading\">GAP : INSCRIPTIONS COLLECTIVE<\/h3>\n\n\n\n<p>Pour nos patients inscrits collectivement via le GAP, veuillez composer le 811 option 3, ou aller en ligne au&nbsp;<a href=\"https:\/\/gap.soinsvirtuels.gouv.qc.ca\/fr\" target=\"_blank\" rel=\"noreferrer noopener\">https:\/\/gap.soinsvirtuels.gouv.qc.ca\/fr<\/a>.<\/p>\n<\/div>\n<\/div>\n","protected":false},"excerpt":{"rendered":"<p>Comment prendre rendez-vous avec mon m\u00e9decin ? VIA LE PORTAIL PATIENT Utilisez le portail patient pour obtenir un rendez-vous en ligne. Si aucun rendez-vous n\u2019est disponible sur le portail veuillez &#8230;<\/p>\n","protected":false},"author":1,"featured_media":0,"parent":0,"menu_order":0,"comment_status":"closed","ping_status":"closed","template":"","meta":{"footnotes":""},"class_list":["post-1740","page","type-page","status-publish","hentry"],"yoast_head":"<!-- This site is optimized with the Yoast SEO plugin v27.4 - https:\/\/yoast.com\/product\/yoast-seo-wordpress\/ -->\n<title>Prendre rendez-vous - GMF-U de Shawinigan<\/title>\n<meta name=\"description\" content=\"Comment prendre rendez-vous avec mon m\u00e9decin ou avec un professionnel de la sant\u00e9 au sein de notre \u00e9quipe.\" \/>\n<meta name=\"robots\" content=\"index, follow, max-snippet:-1, max-image-preview:large, max-video-preview:-1\" \/>\n<link rel=\"canonical\" href=\"https:\/\/gmfushawi.ca\/index.php\/prendre-rendez-vous\/\" \/>\n<meta property=\"og:locale\" content=\"fr_FR\" \/>\n<meta property=\"og:type\" content=\"article\" \/>\n<meta property=\"og:title\" content=\"Prendre rendez-vous - GMF-U de Shawinigan\" \/>\n<meta property=\"og:description\" content=\"Comment prendre rendez-vous avec mon m\u00e9decin ou avec un professionnel de la sant\u00e9 au sein de notre \u00e9quipe.\" \/>\n<meta property=\"og:url\" content=\"https:\/\/gmfushawi.ca\/index.php\/prendre-rendez-vous\/\" \/>\n<meta property=\"og:site_name\" content=\"GMF-U de Shawinigan\" \/>\n<meta property=\"article:modified_time\" content=\"2026-04-01T10:14:32+00:00\" \/>\n<meta name=\"twitter:card\" content=\"summary_large_image\" \/>\n<meta name=\"twitter:label1\" content=\"Dur\u00e9e de lecture estim\u00e9e\" \/>\n\t<meta name=\"twitter:data1\" content=\"1 minute\" \/>\n<script type=\"application\/ld+json\" class=\"yoast-schema-graph\">{\"@context\":\"https:\\\/\\\/schema.org\",\"@graph\":[{\"@type\":\"WebPage\",\"@id\":\"https:\\\/\\\/gmfushawi.ca\\\/index.php\\\/prendre-rendez-vous\\\/\",\"url\":\"https:\\\/\\\/gmfushawi.ca\\\/index.php\\\/prendre-rendez-vous\\\/\",\"name\":\"Prendre rendez-vous - GMF-U de Shawinigan\",\"isPartOf\":{\"@id\":\"https:\\\/\\\/gmfushawi.ca\\\/#website\"},\"datePublished\":\"2026-03-08T15:08:56+00:00\",\"dateModified\":\"2026-04-01T10:14:32+00:00\",\"description\":\"Comment prendre rendez-vous avec mon m\u00e9decin ou avec un professionnel de la sant\u00e9 au sein de notre \u00e9quipe.\",\"breadcrumb\":{\"@id\":\"https:\\\/\\\/gmfushawi.ca\\\/index.php\\\/prendre-rendez-vous\\\/#breadcrumb\"},\"inLanguage\":\"fr-FR\",\"potentialAction\":[{\"@type\":\"ReadAction\",\"target\":[\"https:\\\/\\\/gmfushawi.ca\\\/index.php\\\/prendre-rendez-vous\\\/\"]}]},{\"@type\":\"BreadcrumbList\",\"@id\":\"https:\\\/\\\/gmfushawi.ca\\\/index.php\\\/prendre-rendez-vous\\\/#breadcrumb\",\"itemListElement\":[{\"@type\":\"ListItem\",\"position\":1,\"name\":\"Accueil\",\"item\":\"https:\\\/\\\/gmfushawi.ca\\\/\"},{\"@type\":\"ListItem\",\"position\":2,\"name\":\"Prendre rendez-vous\"}]},{\"@type\":\"WebSite\",\"@id\":\"https:\\\/\\\/gmfushawi.ca\\\/#website\",\"url\":\"https:\\\/\\\/gmfushawi.ca\\\/\",\"name\":\"GMF-U de Shawinigan\",\"description\":\"\",\"publisher\":{\"@id\":\"https:\\\/\\\/gmfushawi.ca\\\/#organization\"},\"potentialAction\":[{\"@type\":\"SearchAction\",\"target\":{\"@type\":\"EntryPoint\",\"urlTemplate\":\"https:\\\/\\\/gmfushawi.ca\\\/?s={search_term_string}\"},\"query-input\":{\"@type\":\"PropertyValueSpecification\",\"valueRequired\":true,\"valueName\":\"search_term_string\"}}],\"inLanguage\":\"fr-FR\"},{\"@type\":\"Organization\",\"@id\":\"https:\\\/\\\/gmfushawi.ca\\\/#organization\",\"name\":\"GMF-U de Shawinigan\",\"url\":\"https:\\\/\\\/gmfushawi.ca\\\/\",\"logo\":{\"@type\":\"ImageObject\",\"inLanguage\":\"fr-FR\",\"@id\":\"https:\\\/\\\/gmfushawi.ca\\\/#\\\/schema\\\/logo\\\/image\\\/\",\"url\":\"https:\\\/\\\/gmfushawi.ca\\\/wp-content\\\/uploads\\\/2026\\\/03\\\/LogoEntete02.png\",\"contentUrl\":\"https:\\\/\\\/gmfushawi.ca\\\/wp-content\\\/uploads\\\/2026\\\/03\\\/LogoEntete02.png\",\"width\":160,\"height\":82,\"caption\":\"GMF-U de Shawinigan\"},\"image\":{\"@id\":\"https:\\\/\\\/gmfushawi.ca\\\/#\\\/schema\\\/logo\\\/image\\\/\"}}]}<\/script>\n<!-- \/ Yoast SEO plugin. -->","yoast_head_json":{"title":"Prendre rendez-vous - GMF-U de Shawinigan","description":"Comment prendre rendez-vous avec mon m\u00e9decin ou avec un professionnel de la sant\u00e9 au sein de notre \u00e9quipe.","robots":{"index":"index","follow":"follow","max-snippet":"max-snippet:-1","max-image-preview":"max-image-preview:large","max-video-preview":"max-video-preview:-1"},"canonical":"https:\/\/gmfushawi.ca\/index.php\/prendre-rendez-vous\/","og_locale":"fr_FR","og_type":"article","og_title":"Prendre rendez-vous - GMF-U de Shawinigan","og_description":"Comment prendre rendez-vous avec mon m\u00e9decin ou avec un professionnel de la sant\u00e9 au sein de notre \u00e9quipe.","og_url":"https:\/\/gmfushawi.ca\/index.php\/prendre-rendez-vous\/","og_site_name":"GMF-U de Shawinigan","article_modified_time":"2026-04-01T10:14:32+00:00","twitter_card":"summary_large_image","twitter_misc":{"Dur\u00e9e de lecture estim\u00e9e":"1 minute"},"schema":{"@context":"https:\/\/schema.org","@graph":[{"@type":"WebPage","@id":"https:\/\/gmfushawi.ca\/index.php\/prendre-rendez-vous\/","url":"https:\/\/gmfushawi.ca\/index.php\/prendre-rendez-vous\/","name":"Prendre rendez-vous - GMF-U de Shawinigan","isPartOf":{"@id":"https:\/\/gmfushawi.ca\/#website"},"datePublished":"2026-03-08T15:08:56+00:00","dateModified":"2026-04-01T10:14:32+00:00","description":"Comment prendre rendez-vous avec mon m\u00e9decin ou avec un professionnel de la sant\u00e9 au sein de notre \u00e9quipe.","breadcrumb":{"@id":"https:\/\/gmfushawi.ca\/index.php\/prendre-rendez-vous\/#breadcrumb"},"inLanguage":"fr-FR","potentialAction":[{"@type":"ReadAction","target":["https:\/\/gmfushawi.ca\/index.php\/prendre-rendez-vous\/"]}]},{"@type":"BreadcrumbList","@id":"https:\/\/gmfushawi.ca\/index.php\/prendre-rendez-vous\/#breadcrumb","itemListElement":[{"@type":"ListItem","position":1,"name":"Accueil","item":"https:\/\/gmfushawi.ca\/"},{"@type":"ListItem","position":2,"name":"Prendre rendez-vous"}]},{"@type":"WebSite","@id":"https:\/\/gmfushawi.ca\/#website","url":"https:\/\/gmfushawi.ca\/","name":"GMF-U de Shawinigan","description":"","publisher":{"@id":"https:\/\/gmfushawi.ca\/#organization"},"potentialAction":[{"@type":"SearchAction","target":{"@type":"EntryPoint","urlTemplate":"https:\/\/gmfushawi.ca\/?s={search_term_string}"},"query-input":{"@type":"PropertyValueSpecification","valueRequired":true,"valueName":"search_term_string"}}],"inLanguage":"fr-FR"},{"@type":"Organization","@id":"https:\/\/gmfushawi.ca\/#organization","name":"GMF-U de Shawinigan","url":"https:\/\/gmfushawi.ca\/","logo":{"@type":"ImageObject","inLanguage":"fr-FR","@id":"https:\/\/gmfushawi.ca\/#\/schema\/logo\/image\/","url":"https:\/\/gmfushawi.ca\/wp-content\/uploads\/2026\/03\/LogoEntete02.png","contentUrl":"https:\/\/gmfushawi.ca\/wp-content\/uploads\/2026\/03\/LogoEntete02.png","width":160,"height":82,"caption":"GMF-U de Shawinigan"},"image":{"@id":"https:\/\/gmfushawi.ca\/#\/schema\/logo\/image\/"}}]}},"_links":{"self":[{"href":"https:\/\/gmfushawi.ca\/index.php\/wp-json\/wp\/v2\/pages\/1740","targetHints":{"allow":["GET"]}}],"collection":[{"href":"https:\/\/gmfushawi.ca\/index.php\/wp-json\/wp\/v2\/pages"}],"about":[{"href":"https:\/\/gmfushawi.ca\/index.php\/wp-json\/wp\/v2\/types\/page"}],"author":[{"embeddable":true,"href":"https:\/\/gmfushawi.ca\/index.php\/wp-json\/wp\/v2\/users\/1"}],"replies":[{"embeddable":true,"href":"https:\/\/gmfushawi.ca\/index.php\/wp-json\/wp\/v2\/comments?post=1740"}],"version-history":[{"count":24,"href":"https:\/\/gmfushawi.ca\/index.php\/wp-json\/wp\/v2\/pages\/1740\/revisions"}],"predecessor-version":[{"id":1894,"href":"https:\/\/gmfushawi.ca\/index.php\/wp-json\/wp\/v2\/pages\/1740\/revisions\/1894"}],"wp:attachment":[{"href":"https:\/\/gmfushawi.ca\/index.php\/wp-json\/wp\/v2\/media?parent=1740"}],"curies":[{"name":"wp","href":"https:\/\/api.w.org\/{rel}","templated":true}]}}