{"id":1641,"date":"2026-03-08T12:47:39","date_gmt":"2026-03-08T12:47:39","guid":{"rendered":"https:\/\/gmfushawi.ca\/?page_id=1641"},"modified":"2026-03-13T09:32:10","modified_gmt":"2026-03-13T09:32:10","slug":"notre-personnel-administratif","status":"publish","type":"page","link":"https:\/\/gmfushawi.ca\/index.php\/notre-personnel-administratif\/","title":{"rendered":"Notre personnel administratif"},"content":{"rendered":"\n<p> <\/p>\n\n\n\n<h3 class=\"wp-block-heading\">Administration et enseignement<\/h3>\n\n\n\n<div class=\"wp-block-columns is-layout-flex wp-container-core-columns-is-layout-9d6595d7 wp-block-columns-is-layout-flex\">\n<div class=\"wp-block-column is-layout-flow wp-block-column-is-layout-flow\"><div class=\"wp-block-image\">\n<figure class=\"aligncenter size-full\"><img loading=\"lazy\" decoding=\"async\" width=\"171\" height=\"172\" src=\"https:\/\/gmfushawi.ca\/wp-content\/uploads\/2026\/03\/MartineBrouilletteCheffe.png\" alt=\"\" class=\"wp-image-1734\" srcset=\"https:\/\/gmfushawi.ca\/wp-content\/uploads\/2026\/03\/MartineBrouilletteCheffe.png 171w, https:\/\/gmfushawi.ca\/wp-content\/uploads\/2026\/03\/MartineBrouilletteCheffe-150x150.png 150w\" sizes=\"auto, (max-width: 171px) 100vw, 171px\" \/><figcaption class=\"wp-element-caption\">Martine Brouillette, cheffe de service<\/figcaption><\/figure>\n<\/div><\/div>\n\n\n\n<div class=\"wp-block-column is-layout-flow wp-block-column-is-layout-flow\"><div class=\"wp-block-image\">\n<figure class=\"aligncenter size-full\"><img loading=\"lazy\" decoding=\"async\" width=\"358\" height=\"358\" src=\"https:\/\/gmfushawi.ca\/wp-content\/uploads\/2026\/03\/NathalieCloutierTechAdm.png\" alt=\"\" class=\"wp-image-1736\" srcset=\"https:\/\/gmfushawi.ca\/wp-content\/uploads\/2026\/03\/NathalieCloutierTechAdm.png 358w, https:\/\/gmfushawi.ca\/wp-content\/uploads\/2026\/03\/NathalieCloutierTechAdm-300x300.png 300w, https:\/\/gmfushawi.ca\/wp-content\/uploads\/2026\/03\/NathalieCloutierTechAdm-150x150.png 150w\" sizes=\"auto, (max-width: 358px) 100vw, 358px\" \/><figcaption class=\"wp-element-caption\">Nathalie Cloutier, technicienne en administration<\/figcaption><\/figure>\n<\/div><\/div>\n\n\n\n<div class=\"wp-block-column is-layout-flow wp-block-column-is-layout-flow\"><div class=\"wp-block-image\">\n<figure class=\"aligncenter size-full\"><img loading=\"lazy\" decoding=\"async\" width=\"156\" height=\"165\" src=\"https:\/\/gmfushawi.ca\/wp-content\/uploads\/2026\/03\/JoseeArchambaultAACQ.png\" alt=\"\" class=\"wp-image-1731\"\/><figcaption class=\"wp-element-caption\">Jos\u00e9e Archambault, Agente de l&rsquo;am\u00e9lioration continue et de la qualit\u00e9<\/figcaption><\/figure>\n<\/div><\/div>\n<\/div>\n\n\n\n<div class=\"wp-block-columns is-layout-flex wp-container-core-columns-is-layout-9d6595d7 wp-block-columns-is-layout-flex\">\n<div class=\"wp-block-column is-layout-flow wp-block-column-is-layout-flow\"><div class=\"wp-block-image\">\n<figure class=\"aligncenter size-full\"><img loading=\"lazy\" decoding=\"async\" width=\"358\" height=\"358\" src=\"https:\/\/gmfushawi.ca\/wp-content\/uploads\/2026\/03\/FannyGagnonAdjEnsei.png\" alt=\"\" class=\"wp-image-1729\" srcset=\"https:\/\/gmfushawi.ca\/wp-content\/uploads\/2026\/03\/FannyGagnonAdjEnsei.png 358w, https:\/\/gmfushawi.ca\/wp-content\/uploads\/2026\/03\/FannyGagnonAdjEnsei-300x300.png 300w, https:\/\/gmfushawi.ca\/wp-content\/uploads\/2026\/03\/FannyGagnonAdjEnsei-150x150.png 150w\" sizes=\"auto, (max-width: 358px) 100vw, 358px\" \/><figcaption class=\"wp-element-caption\">Fanny Gagnon, adjointe \u00e0 l&rsquo;enseignement<\/figcaption><\/figure>\n<\/div><\/div>\n\n\n\n<div class=\"wp-block-column is-layout-flow wp-block-column-is-layout-flow\"><\/div>\n\n\n\n<div class=\"wp-block-column is-layout-flow wp-block-column-is-layout-flow\"><\/div>\n<\/div>\n\n\n\n<h3 class=\"wp-block-heading\">Personnel cl\u00e9rical<\/h3>\n\n\n\n<div class=\"wp-block-columns is-layout-flex wp-container-core-columns-is-layout-9d6595d7 wp-block-columns-is-layout-flex\">\n<div class=\"wp-block-column is-layout-flow wp-block-column-is-layout-flow\"><div class=\"wp-block-image\">\n<figure class=\"aligncenter size-full\"><img loading=\"lazy\" decoding=\"async\" width=\"358\" height=\"360\" src=\"https:\/\/gmfushawi.ca\/wp-content\/uploads\/2026\/03\/ArianneSecretaire.jpg\" alt=\"\" class=\"wp-image-1727\" srcset=\"https:\/\/gmfushawi.ca\/wp-content\/uploads\/2026\/03\/ArianneSecretaire.jpg 358w, https:\/\/gmfushawi.ca\/wp-content\/uploads\/2026\/03\/ArianneSecretaire-298x300.jpg 298w, https:\/\/gmfushawi.ca\/wp-content\/uploads\/2026\/03\/ArianneSecretaire-150x150.jpg 150w\" sizes=\"auto, (max-width: 358px) 100vw, 358px\" \/><figcaption class=\"wp-element-caption\">Arianne, secr\u00e9taire m\u00e9dicale<\/figcaption><\/figure>\n<\/div><\/div>\n\n\n\n<div class=\"wp-block-column is-layout-flow wp-block-column-is-layout-flow\"><div class=\"wp-block-image\">\n<figure class=\"aligncenter size-full\"><img loading=\"lazy\" decoding=\"async\" width=\"358\" height=\"360\" src=\"https:\/\/gmfushawi.ca\/wp-content\/uploads\/2026\/03\/JulieSecretaire.jpg\" alt=\"\" class=\"wp-image-1732\" srcset=\"https:\/\/gmfushawi.ca\/wp-content\/uploads\/2026\/03\/JulieSecretaire.jpg 358w, https:\/\/gmfushawi.ca\/wp-content\/uploads\/2026\/03\/JulieSecretaire-298x300.jpg 298w, https:\/\/gmfushawi.ca\/wp-content\/uploads\/2026\/03\/JulieSecretaire-150x150.jpg 150w\" sizes=\"auto, (max-width: 358px) 100vw, 358px\" \/><figcaption class=\"wp-element-caption\">Julie, secr\u00e9taire m\u00e9dicale<\/figcaption><\/figure>\n<\/div><\/div>\n\n\n\n<div class=\"wp-block-column is-layout-flow wp-block-column-is-layout-flow\"><div class=\"wp-block-image\">\n<figure class=\"aligncenter size-full\"><img loading=\"lazy\" decoding=\"async\" width=\"285\" height=\"368\" src=\"https:\/\/gmfushawi.ca\/wp-content\/uploads\/2026\/03\/JadeAA.jpg\" alt=\"\" class=\"wp-image-1730\" srcset=\"https:\/\/gmfushawi.ca\/wp-content\/uploads\/2026\/03\/JadeAA.jpg 285w, https:\/\/gmfushawi.ca\/wp-content\/uploads\/2026\/03\/JadeAA-232x300.jpg 232w\" sizes=\"auto, (max-width: 285px) 100vw, 285px\" \/><figcaption class=\"wp-element-caption\">Jade, agente administrative<\/figcaption><\/figure>\n<\/div><\/div>\n<\/div>\n\n\n\n<div class=\"wp-block-columns is-layout-flex wp-container-core-columns-is-layout-9d6595d7 wp-block-columns-is-layout-flex\">\n<div class=\"wp-block-column is-layout-flow wp-block-column-is-layout-flow\"><div class=\"wp-block-image\">\n<figure class=\"aligncenter size-full\"><img loading=\"lazy\" decoding=\"async\" width=\"358\" height=\"358\" src=\"https:\/\/gmfushawi.ca\/wp-content\/uploads\/2026\/03\/ChantalAA.png\" alt=\"\" class=\"wp-image-1728\" srcset=\"https:\/\/gmfushawi.ca\/wp-content\/uploads\/2026\/03\/ChantalAA.png 358w, https:\/\/gmfushawi.ca\/wp-content\/uploads\/2026\/03\/ChantalAA-300x300.png 300w, https:\/\/gmfushawi.ca\/wp-content\/uploads\/2026\/03\/ChantalAA-150x150.png 150w\" sizes=\"auto, (max-width: 358px) 100vw, 358px\" \/><figcaption class=\"wp-element-caption\">Chantal, agente administrative<\/figcaption><\/figure>\n<\/div><\/div>\n\n\n\n<div class=\"wp-block-column is-layout-flow wp-block-column-is-layout-flow\"><div class=\"wp-block-image\">\n<figure class=\"aligncenter size-full\"><img loading=\"lazy\" decoding=\"async\" width=\"358\" height=\"358\" src=\"https:\/\/gmfushawi.ca\/wp-content\/uploads\/2026\/03\/AnnieAA.png\" alt=\"\" class=\"wp-image-1726\" srcset=\"https:\/\/gmfushawi.ca\/wp-content\/uploads\/2026\/03\/AnnieAA.png 358w, https:\/\/gmfushawi.ca\/wp-content\/uploads\/2026\/03\/AnnieAA-300x300.png 300w, https:\/\/gmfushawi.ca\/wp-content\/uploads\/2026\/03\/AnnieAA-150x150.png 150w\" sizes=\"auto, (max-width: 358px) 100vw, 358px\" \/><figcaption class=\"wp-element-caption\">Annie, agente administrative<\/figcaption><\/figure>\n<\/div><\/div>\n\n\n\n<div class=\"wp-block-column is-layout-flow wp-block-column-is-layout-flow\"><div class=\"wp-block-image\">\n<figure class=\"aligncenter size-full\"><img loading=\"lazy\" decoding=\"async\" width=\"156\" height=\"156\" src=\"https:\/\/gmfushawi.ca\/wp-content\/uploads\/2026\/03\/NathalieAA.png\" alt=\"\" class=\"wp-image-1735\" srcset=\"https:\/\/gmfushawi.ca\/wp-content\/uploads\/2026\/03\/NathalieAA.png 156w, https:\/\/gmfushawi.ca\/wp-content\/uploads\/2026\/03\/NathalieAA-150x150.png 150w\" sizes=\"auto, (max-width: 156px) 100vw, 156px\" \/><figcaption class=\"wp-element-caption\">Nathalie, agente administrative<\/figcaption><\/figure>\n<\/div><\/div>\n<\/div>\n\n\n\n<div class=\"wp-block-columns is-layout-flex wp-container-core-columns-is-layout-9d6595d7 wp-block-columns-is-layout-flex\">\n<div class=\"wp-block-column is-layout-flow wp-block-column-is-layout-flow\"><div class=\"wp-block-image\">\n<figure class=\"aligncenter size-full\"><img loading=\"lazy\" decoding=\"async\" width=\"358\" height=\"358\" src=\"https:\/\/gmfushawi.ca\/wp-content\/uploads\/2026\/03\/MarlyneAA.jpg\" alt=\"\" class=\"wp-image-1733\" srcset=\"https:\/\/gmfushawi.ca\/wp-content\/uploads\/2026\/03\/MarlyneAA.jpg 358w, https:\/\/gmfushawi.ca\/wp-content\/uploads\/2026\/03\/MarlyneAA-300x300.jpg 300w, https:\/\/gmfushawi.ca\/wp-content\/uploads\/2026\/03\/MarlyneAA-150x150.jpg 150w\" sizes=\"auto, (max-width: 358px) 100vw, 358px\" \/><figcaption class=\"wp-element-caption\">Marlyne, agente administrative<\/figcaption><\/figure>\n<\/div><\/div>\n\n\n\n<div class=\"wp-block-column is-layout-flow wp-block-column-is-layout-flow\"><div class=\"wp-block-image\">\n<figure class=\"aligncenter size-full\"><img loading=\"lazy\" decoding=\"async\" width=\"238\" height=\"238\" src=\"https:\/\/gmfushawi.ca\/wp-content\/uploads\/2026\/03\/AlexandrineMorandTS.jpg\" alt=\"\" class=\"wp-image-1721\" srcset=\"https:\/\/gmfushawi.ca\/wp-content\/uploads\/2026\/03\/AlexandrineMorandTS.jpg 238w, https:\/\/gmfushawi.ca\/wp-content\/uploads\/2026\/03\/AlexandrineMorandTS-150x150.jpg 150w\" sizes=\"auto, (max-width: 238px) 100vw, 238px\" \/><figcaption class=\"wp-element-caption\">Jos\u00e9e, agente administrative<\/figcaption><\/figure>\n<\/div><\/div>\n\n\n\n<div class=\"wp-block-column is-layout-flow wp-block-column-is-layout-flow\"><\/div>\n<\/div>\n\n\n\n<p><\/p>\n","protected":false},"excerpt":{"rendered":"<p>Administration et enseignement Personnel cl\u00e9rical<\/p>\n","protected":false},"author":1,"featured_media":0,"parent":0,"menu_order":0,"comment_status":"closed","ping_status":"closed","template":"","meta":{"footnotes":""},"class_list":["post-1641","page","type-page","status-publish","hentry"],"yoast_head":"<!-- This site is optimized with the Yoast SEO plugin v27.4 - https:\/\/yoast.com\/product\/yoast-seo-wordpress\/ -->\n<title>Notre personnel administratif - GMF-U de Shawinigan<\/title>\n<meta name=\"description\" content=\"Pr\u00e9sentation de notre personnel administratif et cl\u00e9rical qui font parties de notre \u00e9quipe.\" \/>\n<meta name=\"robots\" content=\"index, follow, max-snippet:-1, max-image-preview:large, max-video-preview:-1\" \/>\n<link rel=\"canonical\" href=\"https:\/\/gmfushawi.ca\/index.php\/notre-personnel-administratif\/\" \/>\n<meta property=\"og:locale\" content=\"fr_FR\" \/>\n<meta property=\"og:type\" content=\"article\" \/>\n<meta property=\"og:title\" content=\"Notre personnel administratif - GMF-U de Shawinigan\" \/>\n<meta property=\"og:description\" content=\"Pr\u00e9sentation de notre personnel administratif et cl\u00e9rical qui font parties de notre \u00e9quipe.\" \/>\n<meta property=\"og:url\" content=\"https:\/\/gmfushawi.ca\/index.php\/notre-personnel-administratif\/\" \/>\n<meta property=\"og:site_name\" content=\"GMF-U de Shawinigan\" \/>\n<meta property=\"article:modified_time\" content=\"2026-03-13T09:32:10+00:00\" \/>\n<meta property=\"og:image\" content=\"https:\/\/gmfushawi.ca\/wp-content\/uploads\/2026\/03\/MartineBrouilletteCheffe.png\" \/>\n\t<meta property=\"og:image:width\" content=\"171\" \/>\n\t<meta property=\"og:image:height\" content=\"172\" \/>\n\t<meta property=\"og:image:type\" content=\"image\/png\" \/>\n<meta name=\"twitter:card\" content=\"summary_large_image\" \/>\n<meta name=\"twitter:label1\" content=\"Dur\u00e9e de lecture estim\u00e9e\" \/>\n\t<meta name=\"twitter:data1\" content=\"3 minutes\" \/>\n<script type=\"application\/ld+json\" class=\"yoast-schema-graph\">{\"@context\":\"https:\\\/\\\/schema.org\",\"@graph\":[{\"@type\":\"WebPage\",\"@id\":\"https:\\\/\\\/gmfushawi.ca\\\/index.php\\\/notre-personnel-administratif\\\/\",\"url\":\"https:\\\/\\\/gmfushawi.ca\\\/index.php\\\/notre-personnel-administratif\\\/\",\"name\":\"Notre personnel administratif - GMF-U de Shawinigan\",\"isPartOf\":{\"@id\":\"https:\\\/\\\/gmfushawi.ca\\\/#website\"},\"primaryImageOfPage\":{\"@id\":\"https:\\\/\\\/gmfushawi.ca\\\/index.php\\\/notre-personnel-administratif\\\/#primaryimage\"},\"image\":{\"@id\":\"https:\\\/\\\/gmfushawi.ca\\\/index.php\\\/notre-personnel-administratif\\\/#primaryimage\"},\"thumbnailUrl\":\"https:\\\/\\\/gmfushawi.ca\\\/wp-content\\\/uploads\\\/2026\\\/03\\\/MartineBrouilletteCheffe.png\",\"datePublished\":\"2026-03-08T12:47:39+00:00\",\"dateModified\":\"2026-03-13T09:32:10+00:00\",\"description\":\"Pr\u00e9sentation de notre personnel administratif et cl\u00e9rical qui font parties de notre \u00e9quipe.\",\"breadcrumb\":{\"@id\":\"https:\\\/\\\/gmfushawi.ca\\\/index.php\\\/notre-personnel-administratif\\\/#breadcrumb\"},\"inLanguage\":\"fr-FR\",\"potentialAction\":[{\"@type\":\"ReadAction\",\"target\":[\"https:\\\/\\\/gmfushawi.ca\\\/index.php\\\/notre-personnel-administratif\\\/\"]}]},{\"@type\":\"ImageObject\",\"inLanguage\":\"fr-FR\",\"@id\":\"https:\\\/\\\/gmfushawi.ca\\\/index.php\\\/notre-personnel-administratif\\\/#primaryimage\",\"url\":\"https:\\\/\\\/gmfushawi.ca\\\/wp-content\\\/uploads\\\/2026\\\/03\\\/MartineBrouilletteCheffe.png\",\"contentUrl\":\"https:\\\/\\\/gmfushawi.ca\\\/wp-content\\\/uploads\\\/2026\\\/03\\\/MartineBrouilletteCheffe.png\",\"width\":171,\"height\":172},{\"@type\":\"BreadcrumbList\",\"@id\":\"https:\\\/\\\/gmfushawi.ca\\\/index.php\\\/notre-personnel-administratif\\\/#breadcrumb\",\"itemListElement\":[{\"@type\":\"ListItem\",\"position\":1,\"name\":\"Accueil\",\"item\":\"https:\\\/\\\/gmfushawi.ca\\\/\"},{\"@type\":\"ListItem\",\"position\":2,\"name\":\"Notre personnel administratif\"}]},{\"@type\":\"WebSite\",\"@id\":\"https:\\\/\\\/gmfushawi.ca\\\/#website\",\"url\":\"https:\\\/\\\/gmfushawi.ca\\\/\",\"name\":\"GMF-U de Shawinigan\",\"description\":\"\",\"publisher\":{\"@id\":\"https:\\\/\\\/gmfushawi.ca\\\/#organization\"},\"potentialAction\":[{\"@type\":\"SearchAction\",\"target\":{\"@type\":\"EntryPoint\",\"urlTemplate\":\"https:\\\/\\\/gmfushawi.ca\\\/?s={search_term_string}\"},\"query-input\":{\"@type\":\"PropertyValueSpecification\",\"valueRequired\":true,\"valueName\":\"search_term_string\"}}],\"inLanguage\":\"fr-FR\"},{\"@type\":\"Organization\",\"@id\":\"https:\\\/\\\/gmfushawi.ca\\\/#organization\",\"name\":\"GMF-U de Shawinigan\",\"url\":\"https:\\\/\\\/gmfushawi.ca\\\/\",\"logo\":{\"@type\":\"ImageObject\",\"inLanguage\":\"fr-FR\",\"@id\":\"https:\\\/\\\/gmfushawi.ca\\\/#\\\/schema\\\/logo\\\/image\\\/\",\"url\":\"https:\\\/\\\/gmfushawi.ca\\\/wp-content\\\/uploads\\\/2026\\\/03\\\/LogoEntete02.png\",\"contentUrl\":\"https:\\\/\\\/gmfushawi.ca\\\/wp-content\\\/uploads\\\/2026\\\/03\\\/LogoEntete02.png\",\"width\":160,\"height\":82,\"caption\":\"GMF-U de Shawinigan\"},\"image\":{\"@id\":\"https:\\\/\\\/gmfushawi.ca\\\/#\\\/schema\\\/logo\\\/image\\\/\"}}]}<\/script>\n<!-- \/ Yoast SEO plugin. -->","yoast_head_json":{"title":"Notre personnel administratif - GMF-U de Shawinigan","description":"Pr\u00e9sentation de notre personnel administratif et cl\u00e9rical qui font parties de notre \u00e9quipe.","robots":{"index":"index","follow":"follow","max-snippet":"max-snippet:-1","max-image-preview":"max-image-preview:large","max-video-preview":"max-video-preview:-1"},"canonical":"https:\/\/gmfushawi.ca\/index.php\/notre-personnel-administratif\/","og_locale":"fr_FR","og_type":"article","og_title":"Notre personnel administratif - GMF-U de Shawinigan","og_description":"Pr\u00e9sentation de notre personnel administratif et cl\u00e9rical qui font parties de notre \u00e9quipe.","og_url":"https:\/\/gmfushawi.ca\/index.php\/notre-personnel-administratif\/","og_site_name":"GMF-U de Shawinigan","article_modified_time":"2026-03-13T09:32:10+00:00","og_image":[{"width":171,"height":172,"url":"https:\/\/gmfushawi.ca\/wp-content\/uploads\/2026\/03\/MartineBrouilletteCheffe.png","type":"image\/png"}],"twitter_card":"summary_large_image","twitter_misc":{"Dur\u00e9e de lecture estim\u00e9e":"3 minutes"},"schema":{"@context":"https:\/\/schema.org","@graph":[{"@type":"WebPage","@id":"https:\/\/gmfushawi.ca\/index.php\/notre-personnel-administratif\/","url":"https:\/\/gmfushawi.ca\/index.php\/notre-personnel-administratif\/","name":"Notre personnel administratif - GMF-U de Shawinigan","isPartOf":{"@id":"https:\/\/gmfushawi.ca\/#website"},"primaryImageOfPage":{"@id":"https:\/\/gmfushawi.ca\/index.php\/notre-personnel-administratif\/#primaryimage"},"image":{"@id":"https:\/\/gmfushawi.ca\/index.php\/notre-personnel-administratif\/#primaryimage"},"thumbnailUrl":"https:\/\/gmfushawi.ca\/wp-content\/uploads\/2026\/03\/MartineBrouilletteCheffe.png","datePublished":"2026-03-08T12:47:39+00:00","dateModified":"2026-03-13T09:32:10+00:00","description":"Pr\u00e9sentation de notre personnel administratif et cl\u00e9rical qui font parties de notre \u00e9quipe.","breadcrumb":{"@id":"https:\/\/gmfushawi.ca\/index.php\/notre-personnel-administratif\/#breadcrumb"},"inLanguage":"fr-FR","potentialAction":[{"@type":"ReadAction","target":["https:\/\/gmfushawi.ca\/index.php\/notre-personnel-administratif\/"]}]},{"@type":"ImageObject","inLanguage":"fr-FR","@id":"https:\/\/gmfushawi.ca\/index.php\/notre-personnel-administratif\/#primaryimage","url":"https:\/\/gmfushawi.ca\/wp-content\/uploads\/2026\/03\/MartineBrouilletteCheffe.png","contentUrl":"https:\/\/gmfushawi.ca\/wp-content\/uploads\/2026\/03\/MartineBrouilletteCheffe.png","width":171,"height":172},{"@type":"BreadcrumbList","@id":"https:\/\/gmfushawi.ca\/index.php\/notre-personnel-administratif\/#breadcrumb","itemListElement":[{"@type":"ListItem","position":1,"name":"Accueil","item":"https:\/\/gmfushawi.ca\/"},{"@type":"ListItem","position":2,"name":"Notre personnel administratif"}]},{"@type":"WebSite","@id":"https:\/\/gmfushawi.ca\/#website","url":"https:\/\/gmfushawi.ca\/","name":"GMF-U de Shawinigan","description":"","publisher":{"@id":"https:\/\/gmfushawi.ca\/#organization"},"potentialAction":[{"@type":"SearchAction","target":{"@type":"EntryPoint","urlTemplate":"https:\/\/gmfushawi.ca\/?s={search_term_string}"},"query-input":{"@type":"PropertyValueSpecification","valueRequired":true,"valueName":"search_term_string"}}],"inLanguage":"fr-FR"},{"@type":"Organization","@id":"https:\/\/gmfushawi.ca\/#organization","name":"GMF-U de Shawinigan","url":"https:\/\/gmfushawi.ca\/","logo":{"@type":"ImageObject","inLanguage":"fr-FR","@id":"https:\/\/gmfushawi.ca\/#\/schema\/logo\/image\/","url":"https:\/\/gmfushawi.ca\/wp-content\/uploads\/2026\/03\/LogoEntete02.png","contentUrl":"https:\/\/gmfushawi.ca\/wp-content\/uploads\/2026\/03\/LogoEntete02.png","width":160,"height":82,"caption":"GMF-U de Shawinigan"},"image":{"@id":"https:\/\/gmfushawi.ca\/#\/schema\/logo\/image\/"}}]}},"_links":{"self":[{"href":"https:\/\/gmfushawi.ca\/index.php\/wp-json\/wp\/v2\/pages\/1641","targetHints":{"allow":["GET"]}}],"collection":[{"href":"https:\/\/gmfushawi.ca\/index.php\/wp-json\/wp\/v2\/pages"}],"about":[{"href":"https:\/\/gmfushawi.ca\/index.php\/wp-json\/wp\/v2\/types\/page"}],"author":[{"embeddable":true,"href":"https:\/\/gmfushawi.ca\/index.php\/wp-json\/wp\/v2\/users\/1"}],"replies":[{"embeddable":true,"href":"https:\/\/gmfushawi.ca\/index.php\/wp-json\/wp\/v2\/comments?post=1641"}],"version-history":[{"count":2,"href":"https:\/\/gmfushawi.ca\/index.php\/wp-json\/wp\/v2\/pages\/1641\/revisions"}],"predecessor-version":[{"id":1738,"href":"https:\/\/gmfushawi.ca\/index.php\/wp-json\/wp\/v2\/pages\/1641\/revisions\/1738"}],"wp:attachment":[{"href":"https:\/\/gmfushawi.ca\/index.php\/wp-json\/wp\/v2\/media?parent=1641"}],"curies":[{"name":"wp","href":"https:\/\/api.w.org\/{rel}","templated":true}]}}