{"id":1637,"date":"2026-03-08T12:46:59","date_gmt":"2026-03-08T12:46:59","guid":{"rendered":"https:\/\/gmfushawi.ca\/?page_id=1637"},"modified":"2026-03-13T09:23:06","modified_gmt":"2026-03-13T09:23:06","slug":"nos-infirmieres","status":"publish","type":"page","link":"https:\/\/gmfushawi.ca\/index.php\/nos-infirmieres\/","title":{"rendered":"Nos infirmi\u00e8res"},"content":{"rendered":"\n<p><\/p>\n\n\n\n<h3 class=\"wp-block-heading\">Infirmi\u00e8res praticiennes sp\u00e9cialis\u00e9es en soins de premi\u00e8re ligne (IPSPL)<\/h3>\n\n\n\n<div class=\"wp-block-columns is-layout-flex wp-container-core-columns-is-layout-9d6595d7 wp-block-columns-is-layout-flex\">\n<div class=\"wp-block-column is-layout-flow wp-block-column-is-layout-flow\"><div class=\"wp-block-image\">\n<figure class=\"aligncenter size-full\"><img loading=\"lazy\" decoding=\"async\" width=\"358\" height=\"360\" src=\"https:\/\/gmfushawi.ca\/wp-content\/uploads\/2026\/03\/CarolineBlaisIPSPL.png\" alt=\"\" class=\"wp-image-1704\" srcset=\"https:\/\/gmfushawi.ca\/wp-content\/uploads\/2026\/03\/CarolineBlaisIPSPL.png 358w, https:\/\/gmfushawi.ca\/wp-content\/uploads\/2026\/03\/CarolineBlaisIPSPL-298x300.png 298w, https:\/\/gmfushawi.ca\/wp-content\/uploads\/2026\/03\/CarolineBlaisIPSPL-150x150.png 150w\" sizes=\"auto, (max-width: 358px) 100vw, 358px\" \/><figcaption class=\"wp-element-caption\">Caroline Blais<\/figcaption><\/figure>\n<\/div><\/div>\n\n\n\n<div class=\"wp-block-column is-layout-flow wp-block-column-is-layout-flow\"><div class=\"wp-block-image\">\n<figure class=\"aligncenter size-full\"><img loading=\"lazy\" decoding=\"async\" width=\"360\" height=\"360\" src=\"https:\/\/gmfushawi.ca\/wp-content\/uploads\/2026\/03\/CharlieLaVictoireIPSPL.png\" alt=\"\" class=\"wp-image-1706\" srcset=\"https:\/\/gmfushawi.ca\/wp-content\/uploads\/2026\/03\/CharlieLaVictoireIPSPL.png 360w, https:\/\/gmfushawi.ca\/wp-content\/uploads\/2026\/03\/CharlieLaVictoireIPSPL-300x300.png 300w, https:\/\/gmfushawi.ca\/wp-content\/uploads\/2026\/03\/CharlieLaVictoireIPSPL-150x150.png 150w\" sizes=\"auto, (max-width: 360px) 100vw, 360px\" \/><figcaption class=\"wp-element-caption\">Charlie La Victoire<\/figcaption><\/figure>\n<\/div><\/div>\n\n\n\n<div class=\"wp-block-column is-layout-flow wp-block-column-is-layout-flow\"><div class=\"wp-block-image\">\n<figure class=\"aligncenter size-full\"><img loading=\"lazy\" decoding=\"async\" width=\"238\" height=\"238\" src=\"https:\/\/gmfushawi.ca\/wp-content\/uploads\/2026\/03\/AlexandrineMorandTS.jpg\" alt=\"\" class=\"wp-image-1721\" srcset=\"https:\/\/gmfushawi.ca\/wp-content\/uploads\/2026\/03\/AlexandrineMorandTS.jpg 238w, https:\/\/gmfushawi.ca\/wp-content\/uploads\/2026\/03\/AlexandrineMorandTS-150x150.jpg 150w\" sizes=\"auto, (max-width: 238px) 100vw, 238px\" \/><figcaption class=\"wp-element-caption\">\u00c9milie Larivi\u00e8re<\/figcaption><\/figure>\n<\/div><\/div>\n<\/div>\n\n\n\n<div class=\"wp-block-columns is-layout-flex wp-container-core-columns-is-layout-9d6595d7 wp-block-columns-is-layout-flex\">\n<div class=\"wp-block-column is-layout-flow wp-block-column-is-layout-flow\"><div class=\"wp-block-image\">\n<figure class=\"aligncenter size-full\"><img loading=\"lazy\" decoding=\"async\" width=\"358\" height=\"360\" src=\"https:\/\/gmfushawi.ca\/wp-content\/uploads\/2026\/03\/JoannieRenaudIPSPL.png\" alt=\"\" class=\"wp-image-1711\" srcset=\"https:\/\/gmfushawi.ca\/wp-content\/uploads\/2026\/03\/JoannieRenaudIPSPL.png 358w, https:\/\/gmfushawi.ca\/wp-content\/uploads\/2026\/03\/JoannieRenaudIPSPL-298x300.png 298w, https:\/\/gmfushawi.ca\/wp-content\/uploads\/2026\/03\/JoannieRenaudIPSPL-150x150.png 150w\" sizes=\"auto, (max-width: 358px) 100vw, 358px\" \/><figcaption class=\"wp-element-caption\">Joannie Renaud<\/figcaption><\/figure>\n<\/div><\/div>\n\n\n\n<div class=\"wp-block-column is-layout-flow wp-block-column-is-layout-flow\"><\/div>\n\n\n\n<div class=\"wp-block-column is-layout-flow wp-block-column-is-layout-flow\"><\/div>\n<\/div>\n\n\n\n<h3 class=\"wp-block-heading\">Infirmi\u00e8res cliniciennes<\/h3>\n\n\n\n<div class=\"wp-block-columns is-layout-flex wp-container-core-columns-is-layout-9d6595d7 wp-block-columns-is-layout-flex\">\n<div class=\"wp-block-column is-layout-flow wp-block-column-is-layout-flow\"><div class=\"wp-block-image\">\n<figure class=\"aligncenter size-full\"><img loading=\"lazy\" decoding=\"async\" width=\"358\" height=\"358\" src=\"https:\/\/gmfushawi.ca\/wp-content\/uploads\/2026\/03\/CatherineBeaudoinClinicienne.jpg\" alt=\"\" class=\"wp-image-1705\" srcset=\"https:\/\/gmfushawi.ca\/wp-content\/uploads\/2026\/03\/CatherineBeaudoinClinicienne.jpg 358w, https:\/\/gmfushawi.ca\/wp-content\/uploads\/2026\/03\/CatherineBeaudoinClinicienne-300x300.jpg 300w, https:\/\/gmfushawi.ca\/wp-content\/uploads\/2026\/03\/CatherineBeaudoinClinicienne-150x150.jpg 150w\" sizes=\"auto, (max-width: 358px) 100vw, 358px\" \/><figcaption class=\"wp-element-caption\">Catherine Beaudoin<\/figcaption><\/figure>\n<\/div><\/div>\n\n\n\n<div class=\"wp-block-column is-layout-flow wp-block-column-is-layout-flow\"><div class=\"wp-block-image\">\n<figure class=\"aligncenter size-full\"><img loading=\"lazy\" decoding=\"async\" width=\"358\" height=\"358\" src=\"https:\/\/gmfushawi.ca\/wp-content\/uploads\/2026\/03\/JulieFrancoeurClinicienne.png\" alt=\"\" class=\"wp-image-1713\" srcset=\"https:\/\/gmfushawi.ca\/wp-content\/uploads\/2026\/03\/JulieFrancoeurClinicienne.png 358w, https:\/\/gmfushawi.ca\/wp-content\/uploads\/2026\/03\/JulieFrancoeurClinicienne-300x300.png 300w, https:\/\/gmfushawi.ca\/wp-content\/uploads\/2026\/03\/JulieFrancoeurClinicienne-150x150.png 150w\" sizes=\"auto, (max-width: 358px) 100vw, 358px\" \/><figcaption class=\"wp-element-caption\">Dre Julie Brodeur<\/figcaption><\/figure>\n<\/div><\/div>\n\n\n\n<div class=\"wp-block-column is-layout-flow wp-block-column-is-layout-flow\"><div class=\"wp-block-image\">\n<figure class=\"aligncenter size-full\"><img loading=\"lazy\" decoding=\"async\" width=\"358\" height=\"358\" src=\"https:\/\/gmfushawi.ca\/wp-content\/uploads\/2026\/03\/ValerieFrancoeurClinicienne.png\" alt=\"\" class=\"wp-image-1718\" srcset=\"https:\/\/gmfushawi.ca\/wp-content\/uploads\/2026\/03\/ValerieFrancoeurClinicienne.png 358w, https:\/\/gmfushawi.ca\/wp-content\/uploads\/2026\/03\/ValerieFrancoeurClinicienne-300x300.png 300w, https:\/\/gmfushawi.ca\/wp-content\/uploads\/2026\/03\/ValerieFrancoeurClinicienne-150x150.png 150w\" sizes=\"auto, (max-width: 358px) 100vw, 358px\" \/><figcaption class=\"wp-element-caption\">Val\u00e9rie Francoeur<\/figcaption><\/figure>\n<\/div><\/div>\n<\/div>\n\n\n\n<div class=\"wp-block-columns is-layout-flex wp-container-core-columns-is-layout-9d6595d7 wp-block-columns-is-layout-flex\">\n<div class=\"wp-block-column is-layout-flow wp-block-column-is-layout-flow\"><div class=\"wp-block-image\">\n<figure class=\"aligncenter size-full\"><img loading=\"lazy\" decoding=\"async\" width=\"356\" height=\"358\" src=\"https:\/\/gmfushawi.ca\/wp-content\/uploads\/2026\/03\/MarcLiboldClinicien.jpg\" alt=\"\" class=\"wp-image-1715\" srcset=\"https:\/\/gmfushawi.ca\/wp-content\/uploads\/2026\/03\/MarcLiboldClinicien.jpg 356w, https:\/\/gmfushawi.ca\/wp-content\/uploads\/2026\/03\/MarcLiboldClinicien-298x300.jpg 298w, https:\/\/gmfushawi.ca\/wp-content\/uploads\/2026\/03\/MarcLiboldClinicien-150x150.jpg 150w\" sizes=\"auto, (max-width: 356px) 100vw, 356px\" \/><figcaption class=\"wp-element-caption\">Marc Libold<\/figcaption><\/figure>\n<\/div>\n\n\n<p><\/p>\n<\/div>\n\n\n\n<div class=\"wp-block-column is-layout-flow wp-block-column-is-layout-flow\"><div class=\"wp-block-image\">\n<figure class=\"aligncenter size-full\"><img decoding=\"async\" src=\"https:\/\/gmfushawi.ca\/wp-content\/uploads\/2026\/03\/EmilyVallieres.jpg\" alt=\"\" class=\"wp-image-1707\"\/><figcaption class=\"wp-element-caption\">Emilye Valli\u00e8res<\/figcaption><\/figure>\n<\/div><\/div>\n\n\n\n<div class=\"wp-block-column is-layout-flow wp-block-column-is-layout-flow\"><\/div>\n<\/div>\n\n\n\n<h3 class=\"wp-block-heading\">Infirmi\u00e8res auxiliaires<\/h3>\n\n\n\n<div class=\"wp-block-columns is-layout-flex wp-container-core-columns-is-layout-9d6595d7 wp-block-columns-is-layout-flex\">\n<div class=\"wp-block-column is-layout-flow wp-block-column-is-layout-flow\"><div class=\"wp-block-image\">\n<figure class=\"aligncenter size-full\"><img loading=\"lazy\" decoding=\"async\" width=\"337\" height=\"337\" src=\"https:\/\/gmfushawi.ca\/wp-content\/uploads\/2026\/03\/IsabelleAyotteAuxiliaire.png\" alt=\"\" class=\"wp-image-1709\" srcset=\"https:\/\/gmfushawi.ca\/wp-content\/uploads\/2026\/03\/IsabelleAyotteAuxiliaire.png 337w, https:\/\/gmfushawi.ca\/wp-content\/uploads\/2026\/03\/IsabelleAyotteAuxiliaire-300x300.png 300w, https:\/\/gmfushawi.ca\/wp-content\/uploads\/2026\/03\/IsabelleAyotteAuxiliaire-150x150.png 150w\" sizes=\"auto, (max-width: 337px) 100vw, 337px\" \/><figcaption class=\"wp-element-caption\">Isabelle Ayotte<\/figcaption><\/figure>\n<\/div><\/div>\n\n\n\n<div class=\"wp-block-column is-layout-flow wp-block-column-is-layout-flow\"><div class=\"wp-block-image\">\n<figure class=\"aligncenter size-full\"><img loading=\"lazy\" decoding=\"async\" width=\"343\" height=\"343\" src=\"https:\/\/gmfushawi.ca\/wp-content\/uploads\/2026\/03\/MarieJoseeDuboisAuxiliaire.png\" alt=\"\" class=\"wp-image-1716\" srcset=\"https:\/\/gmfushawi.ca\/wp-content\/uploads\/2026\/03\/MarieJoseeDuboisAuxiliaire.png 343w, https:\/\/gmfushawi.ca\/wp-content\/uploads\/2026\/03\/MarieJoseeDuboisAuxiliaire-300x300.png 300w, https:\/\/gmfushawi.ca\/wp-content\/uploads\/2026\/03\/MarieJoseeDuboisAuxiliaire-150x150.png 150w\" sizes=\"auto, (max-width: 343px) 100vw, 343px\" \/><figcaption class=\"wp-element-caption\">Marie-Jos\u00e9e Dubois<\/figcaption><\/figure>\n<\/div><\/div>\n\n\n\n<div class=\"wp-block-column is-layout-flow wp-block-column-is-layout-flow\"><div class=\"wp-block-image\">\n<figure class=\"aligncenter size-full\"><img loading=\"lazy\" decoding=\"async\" width=\"337\" height=\"339\" src=\"https:\/\/gmfushawi.ca\/wp-content\/uploads\/2026\/03\/IsabelleDubordAuxiliaire.png\" alt=\"\" class=\"wp-image-1710\" srcset=\"https:\/\/gmfushawi.ca\/wp-content\/uploads\/2026\/03\/IsabelleDubordAuxiliaire.png 337w, https:\/\/gmfushawi.ca\/wp-content\/uploads\/2026\/03\/IsabelleDubordAuxiliaire-298x300.png 298w, https:\/\/gmfushawi.ca\/wp-content\/uploads\/2026\/03\/IsabelleDubordAuxiliaire-150x150.png 150w\" sizes=\"auto, (max-width: 337px) 100vw, 337px\" \/><figcaption class=\"wp-element-caption\">Isabelle Dubord<\/figcaption><\/figure>\n<\/div><\/div>\n<\/div>\n\n\n\n<div class=\"wp-block-columns is-layout-flex wp-container-core-columns-is-layout-9d6595d7 wp-block-columns-is-layout-flex\">\n<div class=\"wp-block-column is-layout-flow wp-block-column-is-layout-flow\"><div class=\"wp-block-image\">\n<figure class=\"aligncenter size-full\"><img loading=\"lazy\" decoding=\"async\" width=\"337\" height=\"339\" src=\"https:\/\/gmfushawi.ca\/wp-content\/uploads\/2026\/03\/KarineDupontAuxiliaire.png\" alt=\"\" class=\"wp-image-1714\" srcset=\"https:\/\/gmfushawi.ca\/wp-content\/uploads\/2026\/03\/KarineDupontAuxiliaire.png 337w, https:\/\/gmfushawi.ca\/wp-content\/uploads\/2026\/03\/KarineDupontAuxiliaire-298x300.png 298w, https:\/\/gmfushawi.ca\/wp-content\/uploads\/2026\/03\/KarineDupontAuxiliaire-150x150.png 150w\" sizes=\"auto, (max-width: 337px) 100vw, 337px\" \/><figcaption class=\"wp-element-caption\">Karine Dupont<\/figcaption><\/figure>\n<\/div><\/div>\n\n\n\n<div class=\"wp-block-column is-layout-flow wp-block-column-is-layout-flow\"><div class=\"wp-block-image\">\n<figure class=\"aligncenter size-full\"><img loading=\"lazy\" decoding=\"async\" width=\"289\" height=\"345\" src=\"https:\/\/gmfushawi.ca\/wp-content\/uploads\/2026\/03\/JoseLavalleAuxiliaire.png\" alt=\"\" class=\"wp-image-1712\" srcset=\"https:\/\/gmfushawi.ca\/wp-content\/uploads\/2026\/03\/JoseLavalleAuxiliaire.png 289w, https:\/\/gmfushawi.ca\/wp-content\/uploads\/2026\/03\/JoseLavalleAuxiliaire-251x300.png 251w\" sizes=\"auto, (max-width: 289px) 100vw, 289px\" \/><figcaption class=\"wp-element-caption\">Jos\u00e9e Lavall\u00e9e<\/figcaption><\/figure>\n<\/div><\/div>\n\n\n\n<div class=\"wp-block-column is-layout-flow wp-block-column-is-layout-flow\"><div class=\"wp-block-image\">\n<figure class=\"aligncenter size-full\"><img loading=\"lazy\" decoding=\"async\" width=\"335\" height=\"339\" src=\"https:\/\/gmfushawi.ca\/wp-content\/uploads\/2026\/03\/NancyMailhotAuxiliaire.jpg\" alt=\"\" class=\"wp-image-1717\" srcset=\"https:\/\/gmfushawi.ca\/wp-content\/uploads\/2026\/03\/NancyMailhotAuxiliaire.jpg 335w, https:\/\/gmfushawi.ca\/wp-content\/uploads\/2026\/03\/NancyMailhotAuxiliaire-296x300.jpg 296w\" sizes=\"auto, (max-width: 335px) 100vw, 335px\" \/><figcaption class=\"wp-element-caption\">Nancy Mailhot<\/figcaption><\/figure>\n<\/div><\/div>\n<\/div>\n","protected":false},"excerpt":{"rendered":"<p>Infirmi\u00e8res praticiennes sp\u00e9cialis\u00e9es en soins de premi\u00e8re ligne (IPSPL) Infirmi\u00e8res cliniciennes Infirmi\u00e8res auxiliaires<\/p>\n","protected":false},"author":1,"featured_media":0,"parent":0,"menu_order":0,"comment_status":"closed","ping_status":"closed","template":"","meta":{"footnotes":""},"class_list":["post-1637","page","type-page","status-publish","hentry"],"yoast_head":"<!-- This site is optimized with the Yoast SEO plugin v27.4 - https:\/\/yoast.com\/product\/yoast-seo-wordpress\/ -->\n<title>Nos infirmi\u00e8res - GMF-U de Shawinigan<\/title>\n<meta name=\"description\" content=\"Pr\u00e9sentation de nos infirmi\u00e8res (IPSPL, cliniciennes et auxiliaires) qui font parties de notre \u00e9quipe.\" \/>\n<meta name=\"robots\" content=\"index, follow, max-snippet:-1, max-image-preview:large, max-video-preview:-1\" \/>\n<link rel=\"canonical\" href=\"https:\/\/gmfushawi.ca\/index.php\/nos-infirmieres\/\" \/>\n<meta property=\"og:locale\" content=\"fr_FR\" \/>\n<meta property=\"og:type\" content=\"article\" \/>\n<meta property=\"og:title\" content=\"Nos infirmi\u00e8res - GMF-U de Shawinigan\" \/>\n<meta property=\"og:description\" content=\"Pr\u00e9sentation de nos infirmi\u00e8res (IPSPL, cliniciennes et auxiliaires) qui font parties de notre \u00e9quipe.\" \/>\n<meta property=\"og:url\" content=\"https:\/\/gmfushawi.ca\/index.php\/nos-infirmieres\/\" \/>\n<meta property=\"og:site_name\" content=\"GMF-U de Shawinigan\" \/>\n<meta property=\"article:modified_time\" content=\"2026-03-13T09:23:06+00:00\" \/>\n<meta property=\"og:image\" content=\"https:\/\/gmfushawi.ca\/wp-content\/uploads\/2026\/03\/CarolineBlaisIPSPL.png\" \/>\n\t<meta property=\"og:image:width\" content=\"358\" \/>\n\t<meta property=\"og:image:height\" content=\"360\" \/>\n\t<meta property=\"og:image:type\" content=\"image\/png\" \/>\n<meta name=\"twitter:card\" content=\"summary_large_image\" \/>\n<meta name=\"twitter:label1\" content=\"Dur\u00e9e de lecture estim\u00e9e\" \/>\n\t<meta name=\"twitter:data1\" content=\"4 minutes\" \/>\n<script type=\"application\/ld+json\" class=\"yoast-schema-graph\">{\"@context\":\"https:\\\/\\\/schema.org\",\"@graph\":[{\"@type\":\"WebPage\",\"@id\":\"https:\\\/\\\/gmfushawi.ca\\\/index.php\\\/nos-infirmieres\\\/\",\"url\":\"https:\\\/\\\/gmfushawi.ca\\\/index.php\\\/nos-infirmieres\\\/\",\"name\":\"Nos infirmi\u00e8res - GMF-U de Shawinigan\",\"isPartOf\":{\"@id\":\"https:\\\/\\\/gmfushawi.ca\\\/#website\"},\"primaryImageOfPage\":{\"@id\":\"https:\\\/\\\/gmfushawi.ca\\\/index.php\\\/nos-infirmieres\\\/#primaryimage\"},\"image\":{\"@id\":\"https:\\\/\\\/gmfushawi.ca\\\/index.php\\\/nos-infirmieres\\\/#primaryimage\"},\"thumbnailUrl\":\"https:\\\/\\\/gmfushawi.ca\\\/wp-content\\\/uploads\\\/2026\\\/03\\\/CarolineBlaisIPSPL.png\",\"datePublished\":\"2026-03-08T12:46:59+00:00\",\"dateModified\":\"2026-03-13T09:23:06+00:00\",\"description\":\"Pr\u00e9sentation de nos infirmi\u00e8res (IPSPL, cliniciennes et auxiliaires) qui font parties de notre \u00e9quipe.\",\"breadcrumb\":{\"@id\":\"https:\\\/\\\/gmfushawi.ca\\\/index.php\\\/nos-infirmieres\\\/#breadcrumb\"},\"inLanguage\":\"fr-FR\",\"potentialAction\":[{\"@type\":\"ReadAction\",\"target\":[\"https:\\\/\\\/gmfushawi.ca\\\/index.php\\\/nos-infirmieres\\\/\"]}]},{\"@type\":\"ImageObject\",\"inLanguage\":\"fr-FR\",\"@id\":\"https:\\\/\\\/gmfushawi.ca\\\/index.php\\\/nos-infirmieres\\\/#primaryimage\",\"url\":\"https:\\\/\\\/gmfushawi.ca\\\/wp-content\\\/uploads\\\/2026\\\/03\\\/CarolineBlaisIPSPL.png\",\"contentUrl\":\"https:\\\/\\\/gmfushawi.ca\\\/wp-content\\\/uploads\\\/2026\\\/03\\\/CarolineBlaisIPSPL.png\",\"width\":358,\"height\":360},{\"@type\":\"BreadcrumbList\",\"@id\":\"https:\\\/\\\/gmfushawi.ca\\\/index.php\\\/nos-infirmieres\\\/#breadcrumb\",\"itemListElement\":[{\"@type\":\"ListItem\",\"position\":1,\"name\":\"Accueil\",\"item\":\"https:\\\/\\\/gmfushawi.ca\\\/\"},{\"@type\":\"ListItem\",\"position\":2,\"name\":\"Nos infirmi\u00e8res\"}]},{\"@type\":\"WebSite\",\"@id\":\"https:\\\/\\\/gmfushawi.ca\\\/#website\",\"url\":\"https:\\\/\\\/gmfushawi.ca\\\/\",\"name\":\"GMF-U de Shawinigan\",\"description\":\"\",\"publisher\":{\"@id\":\"https:\\\/\\\/gmfushawi.ca\\\/#organization\"},\"potentialAction\":[{\"@type\":\"SearchAction\",\"target\":{\"@type\":\"EntryPoint\",\"urlTemplate\":\"https:\\\/\\\/gmfushawi.ca\\\/?s={search_term_string}\"},\"query-input\":{\"@type\":\"PropertyValueSpecification\",\"valueRequired\":true,\"valueName\":\"search_term_string\"}}],\"inLanguage\":\"fr-FR\"},{\"@type\":\"Organization\",\"@id\":\"https:\\\/\\\/gmfushawi.ca\\\/#organization\",\"name\":\"GMF-U de Shawinigan\",\"url\":\"https:\\\/\\\/gmfushawi.ca\\\/\",\"logo\":{\"@type\":\"ImageObject\",\"inLanguage\":\"fr-FR\",\"@id\":\"https:\\\/\\\/gmfushawi.ca\\\/#\\\/schema\\\/logo\\\/image\\\/\",\"url\":\"https:\\\/\\\/gmfushawi.ca\\\/wp-content\\\/uploads\\\/2026\\\/03\\\/LogoEntete02.png\",\"contentUrl\":\"https:\\\/\\\/gmfushawi.ca\\\/wp-content\\\/uploads\\\/2026\\\/03\\\/LogoEntete02.png\",\"width\":160,\"height\":82,\"caption\":\"GMF-U de Shawinigan\"},\"image\":{\"@id\":\"https:\\\/\\\/gmfushawi.ca\\\/#\\\/schema\\\/logo\\\/image\\\/\"}}]}<\/script>\n<!-- \/ Yoast SEO plugin. -->","yoast_head_json":{"title":"Nos infirmi\u00e8res - GMF-U de Shawinigan","description":"Pr\u00e9sentation de nos infirmi\u00e8res (IPSPL, cliniciennes et auxiliaires) qui font parties de notre \u00e9quipe.","robots":{"index":"index","follow":"follow","max-snippet":"max-snippet:-1","max-image-preview":"max-image-preview:large","max-video-preview":"max-video-preview:-1"},"canonical":"https:\/\/gmfushawi.ca\/index.php\/nos-infirmieres\/","og_locale":"fr_FR","og_type":"article","og_title":"Nos infirmi\u00e8res - GMF-U de Shawinigan","og_description":"Pr\u00e9sentation de nos infirmi\u00e8res (IPSPL, cliniciennes et auxiliaires) qui font parties de notre \u00e9quipe.","og_url":"https:\/\/gmfushawi.ca\/index.php\/nos-infirmieres\/","og_site_name":"GMF-U de Shawinigan","article_modified_time":"2026-03-13T09:23:06+00:00","og_image":[{"width":358,"height":360,"url":"https:\/\/gmfushawi.ca\/wp-content\/uploads\/2026\/03\/CarolineBlaisIPSPL.png","type":"image\/png"}],"twitter_card":"summary_large_image","twitter_misc":{"Dur\u00e9e de lecture estim\u00e9e":"4 minutes"},"schema":{"@context":"https:\/\/schema.org","@graph":[{"@type":"WebPage","@id":"https:\/\/gmfushawi.ca\/index.php\/nos-infirmieres\/","url":"https:\/\/gmfushawi.ca\/index.php\/nos-infirmieres\/","name":"Nos infirmi\u00e8res - GMF-U de Shawinigan","isPartOf":{"@id":"https:\/\/gmfushawi.ca\/#website"},"primaryImageOfPage":{"@id":"https:\/\/gmfushawi.ca\/index.php\/nos-infirmieres\/#primaryimage"},"image":{"@id":"https:\/\/gmfushawi.ca\/index.php\/nos-infirmieres\/#primaryimage"},"thumbnailUrl":"https:\/\/gmfushawi.ca\/wp-content\/uploads\/2026\/03\/CarolineBlaisIPSPL.png","datePublished":"2026-03-08T12:46:59+00:00","dateModified":"2026-03-13T09:23:06+00:00","description":"Pr\u00e9sentation de nos infirmi\u00e8res (IPSPL, cliniciennes et auxiliaires) qui font parties de notre \u00e9quipe.","breadcrumb":{"@id":"https:\/\/gmfushawi.ca\/index.php\/nos-infirmieres\/#breadcrumb"},"inLanguage":"fr-FR","potentialAction":[{"@type":"ReadAction","target":["https:\/\/gmfushawi.ca\/index.php\/nos-infirmieres\/"]}]},{"@type":"ImageObject","inLanguage":"fr-FR","@id":"https:\/\/gmfushawi.ca\/index.php\/nos-infirmieres\/#primaryimage","url":"https:\/\/gmfushawi.ca\/wp-content\/uploads\/2026\/03\/CarolineBlaisIPSPL.png","contentUrl":"https:\/\/gmfushawi.ca\/wp-content\/uploads\/2026\/03\/CarolineBlaisIPSPL.png","width":358,"height":360},{"@type":"BreadcrumbList","@id":"https:\/\/gmfushawi.ca\/index.php\/nos-infirmieres\/#breadcrumb","itemListElement":[{"@type":"ListItem","position":1,"name":"Accueil","item":"https:\/\/gmfushawi.ca\/"},{"@type":"ListItem","position":2,"name":"Nos infirmi\u00e8res"}]},{"@type":"WebSite","@id":"https:\/\/gmfushawi.ca\/#website","url":"https:\/\/gmfushawi.ca\/","name":"GMF-U de Shawinigan","description":"","publisher":{"@id":"https:\/\/gmfushawi.ca\/#organization"},"potentialAction":[{"@type":"SearchAction","target":{"@type":"EntryPoint","urlTemplate":"https:\/\/gmfushawi.ca\/?s={search_term_string}"},"query-input":{"@type":"PropertyValueSpecification","valueRequired":true,"valueName":"search_term_string"}}],"inLanguage":"fr-FR"},{"@type":"Organization","@id":"https:\/\/gmfushawi.ca\/#organization","name":"GMF-U de Shawinigan","url":"https:\/\/gmfushawi.ca\/","logo":{"@type":"ImageObject","inLanguage":"fr-FR","@id":"https:\/\/gmfushawi.ca\/#\/schema\/logo\/image\/","url":"https:\/\/gmfushawi.ca\/wp-content\/uploads\/2026\/03\/LogoEntete02.png","contentUrl":"https:\/\/gmfushawi.ca\/wp-content\/uploads\/2026\/03\/LogoEntete02.png","width":160,"height":82,"caption":"GMF-U de Shawinigan"},"image":{"@id":"https:\/\/gmfushawi.ca\/#\/schema\/logo\/image\/"}}]}},"_links":{"self":[{"href":"https:\/\/gmfushawi.ca\/index.php\/wp-json\/wp\/v2\/pages\/1637","targetHints":{"allow":["GET"]}}],"collection":[{"href":"https:\/\/gmfushawi.ca\/index.php\/wp-json\/wp\/v2\/pages"}],"about":[{"href":"https:\/\/gmfushawi.ca\/index.php\/wp-json\/wp\/v2\/types\/page"}],"author":[{"embeddable":true,"href":"https:\/\/gmfushawi.ca\/index.php\/wp-json\/wp\/v2\/users\/1"}],"replies":[{"embeddable":true,"href":"https:\/\/gmfushawi.ca\/index.php\/wp-json\/wp\/v2\/comments?post=1637"}],"version-history":[{"count":5,"href":"https:\/\/gmfushawi.ca\/index.php\/wp-json\/wp\/v2\/pages\/1637\/revisions"}],"predecessor-version":[{"id":1805,"href":"https:\/\/gmfushawi.ca\/index.php\/wp-json\/wp\/v2\/pages\/1637\/revisions\/1805"}],"wp:attachment":[{"href":"https:\/\/gmfushawi.ca\/index.php\/wp-json\/wp\/v2\/media?parent=1637"}],"curies":[{"name":"wp","href":"https:\/\/api.w.org\/{rel}","templated":true}]}}