{"id":1626,"date":"2026-03-08T12:41:14","date_gmt":"2026-03-08T12:41:14","guid":{"rendered":"https:\/\/gmfushawi.ca\/?page_id=1626"},"modified":"2026-03-13T09:24:08","modified_gmt":"2026-03-13T09:24:08","slug":"nos-medecins","status":"publish","type":"page","link":"https:\/\/gmfushawi.ca\/index.php\/nos-medecins\/","title":{"rendered":"Nos m\u00e9decins"},"content":{"rendered":"\n<div class=\"wp-block-columns is-layout-flex wp-container-core-columns-is-layout-9d6595d7 wp-block-columns-is-layout-flex\">\n<div class=\"wp-block-column is-vertically-aligned-top is-layout-flow wp-block-column-is-layout-flow\"><div class=\"wp-block-image\">\n<figure class=\"aligncenter size-full\"><img loading=\"lazy\" decoding=\"async\" width=\"393\" height=\"393\" src=\"https:\/\/gmfushawi.ca\/wp-content\/uploads\/2026\/03\/CasaubonSarah.jpg\" alt=\"\" class=\"wp-image-1668\" srcset=\"https:\/\/gmfushawi.ca\/wp-content\/uploads\/2026\/03\/CasaubonSarah.jpg 393w, https:\/\/gmfushawi.ca\/wp-content\/uploads\/2026\/03\/CasaubonSarah-300x300.jpg 300w, https:\/\/gmfushawi.ca\/wp-content\/uploads\/2026\/03\/CasaubonSarah-150x150.jpg 150w\" sizes=\"auto, (max-width: 393px) 100vw, 393px\" \/><figcaption class=\"wp-element-caption\"><strong>Dre Sarah Casaubon<\/strong>, co-directrice m\u00e9dicale et co-directrice locale de programme<\/figcaption><\/figure>\n<\/div>\n\n\n<p><\/p>\n<\/div>\n\n\n\n<div class=\"wp-block-column is-vertically-aligned-top is-layout-flow wp-block-column-is-layout-flow\"><div class=\"wp-block-image\">\n<figure class=\"aligncenter size-full\"><img loading=\"lazy\" decoding=\"async\" width=\"358\" height=\"393\" src=\"https:\/\/gmfushawi.ca\/wp-content\/uploads\/2026\/03\/DumaisCamille.jpg\" alt=\"\" class=\"wp-image-1670\" srcset=\"https:\/\/gmfushawi.ca\/wp-content\/uploads\/2026\/03\/DumaisCamille.jpg 358w, https:\/\/gmfushawi.ca\/wp-content\/uploads\/2026\/03\/DumaisCamille-273x300.jpg 273w\" sizes=\"auto, (max-width: 358px) 100vw, 358px\" \/><figcaption class=\"wp-element-caption\"><strong>Dre Camille Dumais<\/strong>, directrice m\u00e9dicale<\/figcaption><\/figure>\n<\/div><\/div>\n\n\n\n<div class=\"wp-block-column is-vertically-aligned-top is-layout-flow wp-block-column-is-layout-flow\"><div class=\"wp-block-image\">\n<figure class=\"aligncenter size-full\"><img loading=\"lazy\" decoding=\"async\" width=\"383\" height=\"393\" src=\"https:\/\/gmfushawi.ca\/wp-content\/uploads\/2026\/03\/GuertinCatherine.jpg\" alt=\"\" class=\"wp-image-1673\" srcset=\"https:\/\/gmfushawi.ca\/wp-content\/uploads\/2026\/03\/GuertinCatherine.jpg 383w, https:\/\/gmfushawi.ca\/wp-content\/uploads\/2026\/03\/GuertinCatherine-292x300.jpg 292w\" sizes=\"auto, (max-width: 383px) 100vw, 383px\" \/><figcaption class=\"wp-element-caption\"><strong>Dre Catherine Guertin<\/strong>, directrice locale de programme<\/figcaption><\/figure>\n<\/div><\/div>\n<\/div>\n\n\n\n<div class=\"wp-block-columns is-layout-flex wp-container-core-columns-is-layout-9d6595d7 wp-block-columns-is-layout-flex\">\n<div class=\"wp-block-column is-vertically-aligned-center is-layout-flow wp-block-column-is-layout-flow\"><div class=\"wp-block-image\">\n<figure class=\"aligncenter size-full\"><img loading=\"lazy\" decoding=\"async\" width=\"265\" height=\"265\" src=\"https:\/\/gmfushawi.ca\/wp-content\/uploads\/2026\/03\/BoisvertCatherine.jpg\" alt=\"\" class=\"wp-image-1667\" srcset=\"https:\/\/gmfushawi.ca\/wp-content\/uploads\/2026\/03\/BoisvertCatherine.jpg 265w, https:\/\/gmfushawi.ca\/wp-content\/uploads\/2026\/03\/BoisvertCatherine-150x150.jpg 150w\" sizes=\"auto, (max-width: 265px) 100vw, 265px\" \/><figcaption class=\"wp-element-caption\">Dre Catherine Aigner-Therrien<\/figcaption><\/figure>\n<\/div><\/div>\n\n\n\n<div class=\"wp-block-column is-vertically-aligned-center is-layout-flow wp-block-column-is-layout-flow\"><div class=\"wp-block-image\">\n<figure class=\"aligncenter size-full\"><img loading=\"lazy\" decoding=\"async\" width=\"429\" height=\"429\" src=\"https:\/\/gmfushawi.ca\/wp-content\/uploads\/2026\/03\/AustTaylor.jpg\" alt=\"\" class=\"wp-image-1666\" srcset=\"https:\/\/gmfushawi.ca\/wp-content\/uploads\/2026\/03\/AustTaylor.jpg 429w, https:\/\/gmfushawi.ca\/wp-content\/uploads\/2026\/03\/AustTaylor-300x300.jpg 300w, https:\/\/gmfushawi.ca\/wp-content\/uploads\/2026\/03\/AustTaylor-150x150.jpg 150w\" sizes=\"auto, (max-width: 429px) 100vw, 429px\" \/><figcaption class=\"wp-element-caption\">Dre Taylor Aust<\/figcaption><\/figure>\n<\/div><\/div>\n\n\n\n<div class=\"wp-block-column is-vertically-aligned-center is-layout-flow wp-block-column-is-layout-flow\">\n<figure class=\"wp-block-image size-full\"><img loading=\"lazy\" decoding=\"async\" width=\"265\" height=\"265\" src=\"https:\/\/gmfushawi.ca\/wp-content\/uploads\/2026\/03\/BoisvertCatherine.jpg\" alt=\"\" class=\"wp-image-1667\" srcset=\"https:\/\/gmfushawi.ca\/wp-content\/uploads\/2026\/03\/BoisvertCatherine.jpg 265w, https:\/\/gmfushawi.ca\/wp-content\/uploads\/2026\/03\/BoisvertCatherine-150x150.jpg 150w\" sizes=\"auto, (max-width: 265px) 100vw, 265px\" \/><figcaption class=\"wp-element-caption\">Dre Catherine Boisvert<\/figcaption><\/figure>\n<\/div>\n<\/div>\n\n\n\n<div class=\"wp-block-columns is-layout-flex wp-container-core-columns-is-layout-9d6595d7 wp-block-columns-is-layout-flex\">\n<div class=\"wp-block-column is-layout-flow wp-block-column-is-layout-flow\"><div class=\"wp-block-image\">\n<figure class=\"aligncenter size-full\"><img loading=\"lazy\" decoding=\"async\" width=\"400\" height=\"400\" src=\"https:\/\/gmfushawi.ca\/wp-content\/uploads\/2026\/03\/DeschesnesJudy.png\" alt=\"\" class=\"wp-image-1669\" srcset=\"https:\/\/gmfushawi.ca\/wp-content\/uploads\/2026\/03\/DeschesnesJudy.png 400w, https:\/\/gmfushawi.ca\/wp-content\/uploads\/2026\/03\/DeschesnesJudy-300x300.png 300w, https:\/\/gmfushawi.ca\/wp-content\/uploads\/2026\/03\/DeschesnesJudy-150x150.png 150w\" sizes=\"auto, (max-width: 400px) 100vw, 400px\" \/><figcaption class=\"wp-element-caption\">Dre Judy Desch\u00eanes<\/figcaption><\/figure>\n<\/div><\/div>\n\n\n\n<div class=\"wp-block-column is-layout-flow wp-block-column-is-layout-flow\"><div class=\"wp-block-image\">\n<figure class=\"aligncenter size-full\"><img loading=\"lazy\" decoding=\"async\" width=\"445\" height=\"443\" src=\"https:\/\/gmfushawi.ca\/wp-content\/uploads\/2026\/03\/FortierMartin.jpg\" alt=\"\" class=\"wp-image-1671\" srcset=\"https:\/\/gmfushawi.ca\/wp-content\/uploads\/2026\/03\/FortierMartin.jpg 445w, https:\/\/gmfushawi.ca\/wp-content\/uploads\/2026\/03\/FortierMartin-300x300.jpg 300w, https:\/\/gmfushawi.ca\/wp-content\/uploads\/2026\/03\/FortierMartin-150x150.jpg 150w\" sizes=\"auto, (max-width: 445px) 100vw, 445px\" \/><figcaption class=\"wp-element-caption\">Dr Martin Fortier<\/figcaption><\/figure>\n<\/div><\/div>\n\n\n\n<div class=\"wp-block-column is-layout-flow wp-block-column-is-layout-flow\"><div class=\"wp-block-image\">\n<figure class=\"aligncenter size-full\"><img loading=\"lazy\" decoding=\"async\" width=\"431\" height=\"431\" src=\"https:\/\/gmfushawi.ca\/wp-content\/uploads\/2026\/03\/FrenetteMarierPascale.jpg\" alt=\"\" class=\"wp-image-1672\" srcset=\"https:\/\/gmfushawi.ca\/wp-content\/uploads\/2026\/03\/FrenetteMarierPascale.jpg 431w, https:\/\/gmfushawi.ca\/wp-content\/uploads\/2026\/03\/FrenetteMarierPascale-300x300.jpg 300w, https:\/\/gmfushawi.ca\/wp-content\/uploads\/2026\/03\/FrenetteMarierPascale-150x150.jpg 150w\" sizes=\"auto, (max-width: 431px) 100vw, 431px\" \/><figcaption class=\"wp-element-caption\">Dre Pascale Frenette-Marier<\/figcaption><\/figure>\n<\/div><\/div>\n<\/div>\n\n\n\n<div class=\"wp-block-columns is-layout-flex wp-container-core-columns-is-layout-9d6595d7 wp-block-columns-is-layout-flex\">\n<div class=\"wp-block-column is-layout-flow wp-block-column-is-layout-flow\"><div class=\"wp-block-image\">\n<figure class=\"aligncenter size-full\"><img loading=\"lazy\" decoding=\"async\" width=\"402\" height=\"400\" src=\"https:\/\/gmfushawi.ca\/wp-content\/uploads\/2026\/03\/GuillotLaurence.png\" alt=\"\" class=\"wp-image-1674\" srcset=\"https:\/\/gmfushawi.ca\/wp-content\/uploads\/2026\/03\/GuillotLaurence.png 402w, https:\/\/gmfushawi.ca\/wp-content\/uploads\/2026\/03\/GuillotLaurence-300x300.png 300w, https:\/\/gmfushawi.ca\/wp-content\/uploads\/2026\/03\/GuillotLaurence-150x150.png 150w\" sizes=\"auto, (max-width: 402px) 100vw, 402px\" \/><figcaption class=\"wp-element-caption\">Dre Laurence Guillot<\/figcaption><\/figure>\n<\/div>\n\n\n<p><\/p>\n<\/div>\n\n\n\n<div class=\"wp-block-column is-layout-flow wp-block-column-is-layout-flow\"><div class=\"wp-block-image\">\n<figure class=\"aligncenter size-full\"><img loading=\"lazy\" decoding=\"async\" width=\"406\" height=\"406\" src=\"https:\/\/gmfushawi.ca\/wp-content\/uploads\/2026\/03\/LamyClaudel.png\" alt=\"\" class=\"wp-image-1675\" srcset=\"https:\/\/gmfushawi.ca\/wp-content\/uploads\/2026\/03\/LamyClaudel.png 406w, https:\/\/gmfushawi.ca\/wp-content\/uploads\/2026\/03\/LamyClaudel-300x300.png 300w, https:\/\/gmfushawi.ca\/wp-content\/uploads\/2026\/03\/LamyClaudel-150x150.png 150w\" sizes=\"auto, (max-width: 406px) 100vw, 406px\" \/><figcaption class=\"wp-element-caption\">Dre Claudel Lamy<\/figcaption><\/figure>\n<\/div><\/div>\n\n\n\n<div class=\"wp-block-column is-layout-flow wp-block-column-is-layout-flow\"><div class=\"wp-block-image\">\n<figure class=\"aligncenter size-full\"><img loading=\"lazy\" decoding=\"async\" width=\"381\" height=\"381\" src=\"https:\/\/gmfushawi.ca\/wp-content\/uploads\/2026\/03\/ParentMarieEve.jpg\" alt=\"\" class=\"wp-image-1676\" srcset=\"https:\/\/gmfushawi.ca\/wp-content\/uploads\/2026\/03\/ParentMarieEve.jpg 381w, https:\/\/gmfushawi.ca\/wp-content\/uploads\/2026\/03\/ParentMarieEve-300x300.jpg 300w, https:\/\/gmfushawi.ca\/wp-content\/uploads\/2026\/03\/ParentMarieEve-150x150.jpg 150w\" sizes=\"auto, (max-width: 381px) 100vw, 381px\" \/><figcaption class=\"wp-element-caption\">Dre Marie-\u00c8ve Parent<\/figcaption><\/figure>\n<\/div><\/div>\n<\/div>\n\n\n\n<div class=\"wp-block-columns is-layout-flex wp-container-core-columns-is-layout-9d6595d7 wp-block-columns-is-layout-flex\">\n<div class=\"wp-block-column is-layout-flow wp-block-column-is-layout-flow\"><div class=\"wp-block-image\">\n<figure class=\"aligncenter size-full\"><img loading=\"lazy\" decoding=\"async\" width=\"427\" height=\"427\" src=\"https:\/\/gmfushawi.ca\/wp-content\/uploads\/2026\/03\/PelletierAlain.jpg\" alt=\"\" class=\"wp-image-1677\" srcset=\"https:\/\/gmfushawi.ca\/wp-content\/uploads\/2026\/03\/PelletierAlain.jpg 427w, https:\/\/gmfushawi.ca\/wp-content\/uploads\/2026\/03\/PelletierAlain-300x300.jpg 300w, https:\/\/gmfushawi.ca\/wp-content\/uploads\/2026\/03\/PelletierAlain-150x150.jpg 150w\" sizes=\"auto, (max-width: 427px) 100vw, 427px\" \/><figcaption class=\"wp-element-caption\">Dr Alain Pelletier<\/figcaption><\/figure>\n<\/div>\n\n\n<p><\/p>\n<\/div>\n\n\n\n<div class=\"wp-block-column is-layout-flow wp-block-column-is-layout-flow\"><div class=\"wp-block-image\">\n<figure class=\"aligncenter size-full\"><img loading=\"lazy\" decoding=\"async\" width=\"443\" height=\"443\" src=\"https:\/\/gmfushawi.ca\/wp-content\/uploads\/2026\/03\/PicotteFrederic.jpg\" alt=\"\" class=\"wp-image-1678\" srcset=\"https:\/\/gmfushawi.ca\/wp-content\/uploads\/2026\/03\/PicotteFrederic.jpg 443w, https:\/\/gmfushawi.ca\/wp-content\/uploads\/2026\/03\/PicotteFrederic-300x300.jpg 300w, https:\/\/gmfushawi.ca\/wp-content\/uploads\/2026\/03\/PicotteFrederic-150x150.jpg 150w\" sizes=\"auto, (max-width: 443px) 100vw, 443px\" \/><figcaption class=\"wp-element-caption\">Dre Fr\u00e9d\u00e9ric Picotte<\/figcaption><\/figure>\n<\/div><\/div>\n\n\n\n<div class=\"wp-block-column is-layout-flow wp-block-column-is-layout-flow\"><div class=\"wp-block-image\">\n<figure class=\"aligncenter size-full\"><img loading=\"lazy\" decoding=\"async\" width=\"410\" height=\"410\" src=\"https:\/\/gmfushawi.ca\/wp-content\/uploads\/2026\/03\/PlanteAlexandra.png\" alt=\"\" class=\"wp-image-1679\" srcset=\"https:\/\/gmfushawi.ca\/wp-content\/uploads\/2026\/03\/PlanteAlexandra.png 410w, https:\/\/gmfushawi.ca\/wp-content\/uploads\/2026\/03\/PlanteAlexandra-300x300.png 300w, https:\/\/gmfushawi.ca\/wp-content\/uploads\/2026\/03\/PlanteAlexandra-150x150.png 150w\" sizes=\"auto, (max-width: 410px) 100vw, 410px\" \/><figcaption class=\"wp-element-caption\">Dre Alexandra Plante<\/figcaption><\/figure>\n<\/div><\/div>\n<\/div>\n\n\n\n<div class=\"wp-block-columns is-layout-flex wp-container-core-columns-is-layout-9d6595d7 wp-block-columns-is-layout-flex\">\n<div class=\"wp-block-column is-layout-flow wp-block-column-is-layout-flow\"><div class=\"wp-block-image\">\n<figure class=\"aligncenter size-full\"><img loading=\"lazy\" decoding=\"async\" width=\"400\" height=\"400\" src=\"https:\/\/gmfushawi.ca\/wp-content\/uploads\/2026\/03\/RenaudAudrey.png\" alt=\"\" class=\"wp-image-1680\" srcset=\"https:\/\/gmfushawi.ca\/wp-content\/uploads\/2026\/03\/RenaudAudrey.png 400w, https:\/\/gmfushawi.ca\/wp-content\/uploads\/2026\/03\/RenaudAudrey-300x300.png 300w, https:\/\/gmfushawi.ca\/wp-content\/uploads\/2026\/03\/RenaudAudrey-150x150.png 150w\" sizes=\"auto, (max-width: 400px) 100vw, 400px\" \/><figcaption class=\"wp-element-caption\">Dr Audrey Renaud<\/figcaption><\/figure>\n<\/div>\n\n\n<p><\/p>\n<\/div>\n\n\n\n<div class=\"wp-block-column is-layout-flow wp-block-column-is-layout-flow\"><div class=\"wp-block-image\">\n<figure class=\"aligncenter size-full\"><img loading=\"lazy\" decoding=\"async\" width=\"406\" height=\"406\" src=\"https:\/\/gmfushawi.ca\/wp-content\/uploads\/2026\/03\/RobertDiane.jpg\" alt=\"\" class=\"wp-image-1681\" srcset=\"https:\/\/gmfushawi.ca\/wp-content\/uploads\/2026\/03\/RobertDiane.jpg 406w, https:\/\/gmfushawi.ca\/wp-content\/uploads\/2026\/03\/RobertDiane-300x300.jpg 300w, https:\/\/gmfushawi.ca\/wp-content\/uploads\/2026\/03\/RobertDiane-150x150.jpg 150w\" sizes=\"auto, (max-width: 406px) 100vw, 406px\" \/><figcaption class=\"wp-element-caption\">Dre Diane Robert<\/figcaption><\/figure>\n<\/div><\/div>\n\n\n\n<div class=\"wp-block-column is-layout-flow wp-block-column-is-layout-flow\"><div class=\"wp-block-image\">\n<figure class=\"aligncenter size-full\"><img loading=\"lazy\" decoding=\"async\" width=\"400\" height=\"400\" src=\"https:\/\/gmfushawi.ca\/wp-content\/uploads\/2026\/03\/SanscartierLea.png\" alt=\"\" class=\"wp-image-1682\" srcset=\"https:\/\/gmfushawi.ca\/wp-content\/uploads\/2026\/03\/SanscartierLea.png 400w, https:\/\/gmfushawi.ca\/wp-content\/uploads\/2026\/03\/SanscartierLea-300x300.png 300w, https:\/\/gmfushawi.ca\/wp-content\/uploads\/2026\/03\/SanscartierLea-150x150.png 150w\" sizes=\"auto, (max-width: 400px) 100vw, 400px\" \/><figcaption class=\"wp-element-caption\">Dre L\u00e9a Sanscartier<\/figcaption><\/figure>\n<\/div><\/div>\n<\/div>\n\n\n\n<div class=\"wp-block-columns is-layout-flex wp-container-core-columns-is-layout-9d6595d7 wp-block-columns-is-layout-flex\">\n<div class=\"wp-block-column is-layout-flow wp-block-column-is-layout-flow\"><div class=\"wp-block-image\">\n<figure class=\"aligncenter size-full\"><img loading=\"lazy\" decoding=\"async\" width=\"443\" height=\"443\" src=\"https:\/\/gmfushawi.ca\/wp-content\/uploads\/2026\/03\/TimmonsJames.jpg\" alt=\"\" class=\"wp-image-1683\" srcset=\"https:\/\/gmfushawi.ca\/wp-content\/uploads\/2026\/03\/TimmonsJames.jpg 443w, https:\/\/gmfushawi.ca\/wp-content\/uploads\/2026\/03\/TimmonsJames-300x300.jpg 300w, https:\/\/gmfushawi.ca\/wp-content\/uploads\/2026\/03\/TimmonsJames-150x150.jpg 150w\" sizes=\"auto, (max-width: 443px) 100vw, 443px\" \/><figcaption class=\"wp-element-caption\">Dr James Timmons<\/figcaption><\/figure>\n<\/div>\n\n\n<p><\/p>\n<\/div>\n\n\n\n<div class=\"wp-block-column is-layout-flow wp-block-column-is-layout-flow\"><div class=\"wp-block-image\">\n<figure class=\"aligncenter size-full\"><img loading=\"lazy\" decoding=\"async\" width=\"400\" height=\"400\" src=\"https:\/\/gmfushawi.ca\/wp-content\/uploads\/2026\/03\/TrepanierChloe.png\" alt=\"\" class=\"wp-image-1684\" srcset=\"https:\/\/gmfushawi.ca\/wp-content\/uploads\/2026\/03\/TrepanierChloe.png 400w, https:\/\/gmfushawi.ca\/wp-content\/uploads\/2026\/03\/TrepanierChloe-300x300.png 300w, https:\/\/gmfushawi.ca\/wp-content\/uploads\/2026\/03\/TrepanierChloe-150x150.png 150w\" sizes=\"auto, (max-width: 400px) 100vw, 400px\" \/><figcaption class=\"wp-element-caption\">Dre Chlo\u00e9 Tr\u00e9panier<\/figcaption><\/figure>\n<\/div><\/div>\n\n\n\n<div class=\"wp-block-column is-layout-flow wp-block-column-is-layout-flow\"><div class=\"wp-block-image\">\n<figure class=\"aligncenter size-full\"><img loading=\"lazy\" decoding=\"async\" width=\"408\" height=\"410\" src=\"https:\/\/gmfushawi.ca\/wp-content\/uploads\/2026\/03\/TrudelMelissa.jpg\" alt=\"\" class=\"wp-image-1685\" srcset=\"https:\/\/gmfushawi.ca\/wp-content\/uploads\/2026\/03\/TrudelMelissa.jpg 408w, https:\/\/gmfushawi.ca\/wp-content\/uploads\/2026\/03\/TrudelMelissa-300x300.jpg 300w, https:\/\/gmfushawi.ca\/wp-content\/uploads\/2026\/03\/TrudelMelissa-150x150.jpg 150w\" sizes=\"auto, (max-width: 408px) 100vw, 408px\" \/><figcaption class=\"wp-element-caption\">Dre M\u00e9lissa Trudel<\/figcaption><\/figure>\n<\/div><\/div>\n<\/div>\n","protected":false},"excerpt":{"rendered":"","protected":false},"author":1,"featured_media":0,"parent":0,"menu_order":0,"comment_status":"closed","ping_status":"closed","template":"","meta":{"footnotes":""},"class_list":["post-1626","page","type-page","status-publish","hentry"],"yoast_head":"<!-- This site is optimized with the Yoast SEO plugin v27.4 - https:\/\/yoast.com\/product\/yoast-seo-wordpress\/ -->\n<title>Nos m\u00e9decins - GMF-U de Shawinigan<\/title>\n<meta name=\"description\" content=\"Pr\u00e9sentation de nos m\u00e9decins de famille pratiquant au GMF-U de Shawinigan.\" \/>\n<meta name=\"robots\" content=\"index, follow, max-snippet:-1, max-image-preview:large, max-video-preview:-1\" \/>\n<link rel=\"canonical\" href=\"https:\/\/gmfushawi.ca\/index.php\/nos-medecins\/\" \/>\n<meta property=\"og:locale\" content=\"fr_FR\" \/>\n<meta property=\"og:type\" content=\"article\" \/>\n<meta property=\"og:title\" content=\"Nos m\u00e9decins - GMF-U de Shawinigan\" \/>\n<meta property=\"og:description\" content=\"Pr\u00e9sentation de nos m\u00e9decins de famille pratiquant au GMF-U de Shawinigan.\" \/>\n<meta property=\"og:url\" content=\"https:\/\/gmfushawi.ca\/index.php\/nos-medecins\/\" \/>\n<meta property=\"og:site_name\" content=\"GMF-U de Shawinigan\" \/>\n<meta property=\"article:modified_time\" content=\"2026-03-13T09:24:08+00:00\" \/>\n<meta property=\"og:image\" content=\"https:\/\/gmfushawi.ca\/wp-content\/uploads\/2026\/03\/CasaubonSarah.jpg\" \/>\n\t<meta property=\"og:image:width\" content=\"393\" \/>\n\t<meta property=\"og:image:height\" content=\"393\" \/>\n\t<meta property=\"og:image:type\" content=\"image\/jpeg\" \/>\n<meta name=\"twitter:card\" content=\"summary_large_image\" \/>\n<meta name=\"twitter:label1\" content=\"Dur\u00e9e de lecture estim\u00e9e\" \/>\n\t<meta name=\"twitter:data1\" content=\"5 minutes\" \/>\n<script type=\"application\/ld+json\" class=\"yoast-schema-graph\">{\"@context\":\"https:\\\/\\\/schema.org\",\"@graph\":[{\"@type\":\"WebPage\",\"@id\":\"https:\\\/\\\/gmfushawi.ca\\\/index.php\\\/nos-medecins\\\/\",\"url\":\"https:\\\/\\\/gmfushawi.ca\\\/index.php\\\/nos-medecins\\\/\",\"name\":\"Nos m\u00e9decins - GMF-U de Shawinigan\",\"isPartOf\":{\"@id\":\"https:\\\/\\\/gmfushawi.ca\\\/#website\"},\"primaryImageOfPage\":{\"@id\":\"https:\\\/\\\/gmfushawi.ca\\\/index.php\\\/nos-medecins\\\/#primaryimage\"},\"image\":{\"@id\":\"https:\\\/\\\/gmfushawi.ca\\\/index.php\\\/nos-medecins\\\/#primaryimage\"},\"thumbnailUrl\":\"https:\\\/\\\/gmfushawi.ca\\\/wp-content\\\/uploads\\\/2026\\\/03\\\/CasaubonSarah.jpg\",\"datePublished\":\"2026-03-08T12:41:14+00:00\",\"dateModified\":\"2026-03-13T09:24:08+00:00\",\"description\":\"Pr\u00e9sentation de nos m\u00e9decins de famille pratiquant au GMF-U de Shawinigan.\",\"breadcrumb\":{\"@id\":\"https:\\\/\\\/gmfushawi.ca\\\/index.php\\\/nos-medecins\\\/#breadcrumb\"},\"inLanguage\":\"fr-FR\",\"potentialAction\":[{\"@type\":\"ReadAction\",\"target\":[\"https:\\\/\\\/gmfushawi.ca\\\/index.php\\\/nos-medecins\\\/\"]}]},{\"@type\":\"ImageObject\",\"inLanguage\":\"fr-FR\",\"@id\":\"https:\\\/\\\/gmfushawi.ca\\\/index.php\\\/nos-medecins\\\/#primaryimage\",\"url\":\"https:\\\/\\\/gmfushawi.ca\\\/wp-content\\\/uploads\\\/2026\\\/03\\\/CasaubonSarah.jpg\",\"contentUrl\":\"https:\\\/\\\/gmfushawi.ca\\\/wp-content\\\/uploads\\\/2026\\\/03\\\/CasaubonSarah.jpg\",\"width\":393,\"height\":393},{\"@type\":\"BreadcrumbList\",\"@id\":\"https:\\\/\\\/gmfushawi.ca\\\/index.php\\\/nos-medecins\\\/#breadcrumb\",\"itemListElement\":[{\"@type\":\"ListItem\",\"position\":1,\"name\":\"Accueil\",\"item\":\"https:\\\/\\\/gmfushawi.ca\\\/\"},{\"@type\":\"ListItem\",\"position\":2,\"name\":\"Nos m\u00e9decins\"}]},{\"@type\":\"WebSite\",\"@id\":\"https:\\\/\\\/gmfushawi.ca\\\/#website\",\"url\":\"https:\\\/\\\/gmfushawi.ca\\\/\",\"name\":\"GMF-U de Shawinigan\",\"description\":\"\",\"publisher\":{\"@id\":\"https:\\\/\\\/gmfushawi.ca\\\/#organization\"},\"potentialAction\":[{\"@type\":\"SearchAction\",\"target\":{\"@type\":\"EntryPoint\",\"urlTemplate\":\"https:\\\/\\\/gmfushawi.ca\\\/?s={search_term_string}\"},\"query-input\":{\"@type\":\"PropertyValueSpecification\",\"valueRequired\":true,\"valueName\":\"search_term_string\"}}],\"inLanguage\":\"fr-FR\"},{\"@type\":\"Organization\",\"@id\":\"https:\\\/\\\/gmfushawi.ca\\\/#organization\",\"name\":\"GMF-U de Shawinigan\",\"url\":\"https:\\\/\\\/gmfushawi.ca\\\/\",\"logo\":{\"@type\":\"ImageObject\",\"inLanguage\":\"fr-FR\",\"@id\":\"https:\\\/\\\/gmfushawi.ca\\\/#\\\/schema\\\/logo\\\/image\\\/\",\"url\":\"https:\\\/\\\/gmfushawi.ca\\\/wp-content\\\/uploads\\\/2026\\\/03\\\/LogoEntete02.png\",\"contentUrl\":\"https:\\\/\\\/gmfushawi.ca\\\/wp-content\\\/uploads\\\/2026\\\/03\\\/LogoEntete02.png\",\"width\":160,\"height\":82,\"caption\":\"GMF-U de Shawinigan\"},\"image\":{\"@id\":\"https:\\\/\\\/gmfushawi.ca\\\/#\\\/schema\\\/logo\\\/image\\\/\"}}]}<\/script>\n<!-- \/ Yoast SEO plugin. -->","yoast_head_json":{"title":"Nos m\u00e9decins - GMF-U de Shawinigan","description":"Pr\u00e9sentation de nos m\u00e9decins de famille pratiquant au GMF-U de Shawinigan.","robots":{"index":"index","follow":"follow","max-snippet":"max-snippet:-1","max-image-preview":"max-image-preview:large","max-video-preview":"max-video-preview:-1"},"canonical":"https:\/\/gmfushawi.ca\/index.php\/nos-medecins\/","og_locale":"fr_FR","og_type":"article","og_title":"Nos m\u00e9decins - GMF-U de Shawinigan","og_description":"Pr\u00e9sentation de nos m\u00e9decins de famille pratiquant au GMF-U de Shawinigan.","og_url":"https:\/\/gmfushawi.ca\/index.php\/nos-medecins\/","og_site_name":"GMF-U de Shawinigan","article_modified_time":"2026-03-13T09:24:08+00:00","og_image":[{"width":393,"height":393,"url":"https:\/\/gmfushawi.ca\/wp-content\/uploads\/2026\/03\/CasaubonSarah.jpg","type":"image\/jpeg"}],"twitter_card":"summary_large_image","twitter_misc":{"Dur\u00e9e de lecture estim\u00e9e":"5 minutes"},"schema":{"@context":"https:\/\/schema.org","@graph":[{"@type":"WebPage","@id":"https:\/\/gmfushawi.ca\/index.php\/nos-medecins\/","url":"https:\/\/gmfushawi.ca\/index.php\/nos-medecins\/","name":"Nos m\u00e9decins - GMF-U de Shawinigan","isPartOf":{"@id":"https:\/\/gmfushawi.ca\/#website"},"primaryImageOfPage":{"@id":"https:\/\/gmfushawi.ca\/index.php\/nos-medecins\/#primaryimage"},"image":{"@id":"https:\/\/gmfushawi.ca\/index.php\/nos-medecins\/#primaryimage"},"thumbnailUrl":"https:\/\/gmfushawi.ca\/wp-content\/uploads\/2026\/03\/CasaubonSarah.jpg","datePublished":"2026-03-08T12:41:14+00:00","dateModified":"2026-03-13T09:24:08+00:00","description":"Pr\u00e9sentation de nos m\u00e9decins de famille pratiquant au GMF-U de Shawinigan.","breadcrumb":{"@id":"https:\/\/gmfushawi.ca\/index.php\/nos-medecins\/#breadcrumb"},"inLanguage":"fr-FR","potentialAction":[{"@type":"ReadAction","target":["https:\/\/gmfushawi.ca\/index.php\/nos-medecins\/"]}]},{"@type":"ImageObject","inLanguage":"fr-FR","@id":"https:\/\/gmfushawi.ca\/index.php\/nos-medecins\/#primaryimage","url":"https:\/\/gmfushawi.ca\/wp-content\/uploads\/2026\/03\/CasaubonSarah.jpg","contentUrl":"https:\/\/gmfushawi.ca\/wp-content\/uploads\/2026\/03\/CasaubonSarah.jpg","width":393,"height":393},{"@type":"BreadcrumbList","@id":"https:\/\/gmfushawi.ca\/index.php\/nos-medecins\/#breadcrumb","itemListElement":[{"@type":"ListItem","position":1,"name":"Accueil","item":"https:\/\/gmfushawi.ca\/"},{"@type":"ListItem","position":2,"name":"Nos m\u00e9decins"}]},{"@type":"WebSite","@id":"https:\/\/gmfushawi.ca\/#website","url":"https:\/\/gmfushawi.ca\/","name":"GMF-U de Shawinigan","description":"","publisher":{"@id":"https:\/\/gmfushawi.ca\/#organization"},"potentialAction":[{"@type":"SearchAction","target":{"@type":"EntryPoint","urlTemplate":"https:\/\/gmfushawi.ca\/?s={search_term_string}"},"query-input":{"@type":"PropertyValueSpecification","valueRequired":true,"valueName":"search_term_string"}}],"inLanguage":"fr-FR"},{"@type":"Organization","@id":"https:\/\/gmfushawi.ca\/#organization","name":"GMF-U de Shawinigan","url":"https:\/\/gmfushawi.ca\/","logo":{"@type":"ImageObject","inLanguage":"fr-FR","@id":"https:\/\/gmfushawi.ca\/#\/schema\/logo\/image\/","url":"https:\/\/gmfushawi.ca\/wp-content\/uploads\/2026\/03\/LogoEntete02.png","contentUrl":"https:\/\/gmfushawi.ca\/wp-content\/uploads\/2026\/03\/LogoEntete02.png","width":160,"height":82,"caption":"GMF-U de Shawinigan"},"image":{"@id":"https:\/\/gmfushawi.ca\/#\/schema\/logo\/image\/"}}]}},"_links":{"self":[{"href":"https:\/\/gmfushawi.ca\/index.php\/wp-json\/wp\/v2\/pages\/1626","targetHints":{"allow":["GET"]}}],"collection":[{"href":"https:\/\/gmfushawi.ca\/index.php\/wp-json\/wp\/v2\/pages"}],"about":[{"href":"https:\/\/gmfushawi.ca\/index.php\/wp-json\/wp\/v2\/types\/page"}],"author":[{"embeddable":true,"href":"https:\/\/gmfushawi.ca\/index.php\/wp-json\/wp\/v2\/users\/1"}],"replies":[{"embeddable":true,"href":"https:\/\/gmfushawi.ca\/index.php\/wp-json\/wp\/v2\/comments?post=1626"}],"version-history":[{"count":5,"href":"https:\/\/gmfushawi.ca\/index.php\/wp-json\/wp\/v2\/pages\/1626\/revisions"}],"predecessor-version":[{"id":1688,"href":"https:\/\/gmfushawi.ca\/index.php\/wp-json\/wp\/v2\/pages\/1626\/revisions\/1688"}],"wp:attachment":[{"href":"https:\/\/gmfushawi.ca\/index.php\/wp-json\/wp\/v2\/media?parent=1626"}],"curies":[{"name":"wp","href":"https:\/\/api.w.org\/{rel}","templated":true}]}}