{"id":1390,"date":"2026-03-01T10:39:29","date_gmt":"2026-03-01T10:39:29","guid":{"rendered":"https:\/\/gmfushawi.ca\/?page_id=1390"},"modified":"2026-03-15T12:41:23","modified_gmt":"2026-03-15T12:41:23","slug":"la-clinique","status":"publish","type":"page","link":"https:\/\/gmfushawi.ca\/index.php\/la-clinique\/","title":{"rendered":"La clinique"},"content":{"rendered":"\n<p>Le GMF-U de Shawinigan est une clinique m\u00e9dicale affili\u00e9e \u00e0 l\u2019Universit\u00e9 de Montr\u00e9al o\u00f9 sont form\u00e9s des \u00e9tudiants en m\u00e9decine et des r\u00e9sidents qui se sp\u00e9cialisent pour devenir m\u00e9decins de famille. Tous les \u00e9tudiants en formation ont un superviseur responsable lors des \u00e9pisodes de soins. Nous sommes aussi engag\u00e9s dans la recherche et l\u2019am\u00e9lioration de la premi\u00e8re ligne avec le CIUSSS-MCQ et l\u2019Universit\u00e9 de Montr\u00e9al.<\/p>\n\n\n\n<p>Afin de nous aider dans notre mission d\u2019enseignement, la plupart de nos salles d\u2019entrevue sont \u00e9quip\u00e9es d\u2019une cam\u00e9ra vid\u00e9o. &nbsp;Les cam\u00e9ras pr\u00e9sentes dans les salles d\u2019examen ne sont pas l\u00e0 pour vous filmer. Elles sont plut\u00f4t dirig\u00e9es vers l\u2019\u00e9tudiant qui fait l\u2019entrevue et non vers la table d\u2019examen. &nbsp;L\u2019objectif principal est d\u2019observer le\/la stagiaire, afin de lui donner des commentaires constructifs sur ses fa\u00e7ons de faire.&nbsp;&nbsp;Ces entrevues peuvent \u00eatre r\u00e9\u00e9cout\u00e9es avec l\u2019\u00e9tudiant concern\u00e9, pour fin d\u2019enseignement. Les enregistrements ne sont pas conserv\u00e9s et sont automatiquement effac\u00e9s par le syst\u00e8me apr\u00e8s quelques jours. Si un enregistrement est requis, il ne peut \u00eatre effectu\u00e9 sans votre accord.<\/p>\n\n\n\n<p><strong>Nous offrons des consultations m\u00e9dicales et des rendez-vous \u00e0 la clinique de d\u00e9pannage aux patients inscrits \u00e0 la clinique et un acc\u00e8s populationnel via le GAMF.. Nous pratiquons le concept de \u00ab l\u2019acc\u00e8s adapt\u00e9 \u00bb, c\u2019est-\u00e0-dire que nous tentons de g\u00e9rer nos horaires \u00e0 courte \u00e9ch\u00e9ance, pour permettre \u00e0 nos patients de consulter rapidement leur m\u00e9decin dans les 1-2 semaines, si n\u00e9cessaire.<\/strong><\/p>\n\n\n\n<p><a href=\"https:\/\/ciusssmcq.ca\/soins-et-services\/services-administratifs\/retrait-des-renseignements-personnels-des-usagers-des-listes-evaluation-sondage\" target=\"_blank\" rel=\"noreferrer noopener\">Retrait des renseignements personnels des usagers des listes aux fins d\u2019\u00e9valuation, de sondage ou de sollicitation de dons<\/a><\/p>\n","protected":false},"excerpt":{"rendered":"<p>Le GMF-U de Shawinigan est une clinique m\u00e9dicale affili\u00e9e \u00e0 l\u2019Universit\u00e9 de Montr\u00e9al o\u00f9 sont form\u00e9s des \u00e9tudiants en m\u00e9decine et des r\u00e9sidents qui se sp\u00e9cialisent pour devenir m\u00e9decins de &#8230;<\/p>\n","protected":false},"author":1,"featured_media":0,"parent":0,"menu_order":0,"comment_status":"closed","ping_status":"closed","template":"","meta":{"footnotes":""},"class_list":["post-1390","page","type-page","status-publish","hentry"],"yoast_head":"<!-- This site is optimized with the Yoast SEO plugin v27.4 - https:\/\/yoast.com\/product\/yoast-seo-wordpress\/ -->\n<title>La clinique - GMF-U de Shawinigan<\/title>\n<meta name=\"description\" content=\"Le GMF-U de Shawinigan est une clinique m\u00e9dicale affili\u00e9e \u00e0 l\u2019Universit\u00e9 de Montr\u00e9al o\u00f9 sont form\u00e9s des \u00e9tudiants en m\u00e9decine et des r\u00e9sidents qui se sp\u00e9cialisent pour devenir m\u00e9decins de famille.\" \/>\n<meta name=\"robots\" content=\"index, follow, max-snippet:-1, max-image-preview:large, max-video-preview:-1\" \/>\n<link rel=\"canonical\" href=\"https:\/\/gmfushawi.ca\/index.php\/la-clinique\/\" \/>\n<meta property=\"og:locale\" content=\"fr_FR\" \/>\n<meta property=\"og:type\" content=\"article\" \/>\n<meta property=\"og:title\" content=\"La clinique - GMF-U de Shawinigan\" \/>\n<meta property=\"og:description\" content=\"Le GMF-U de Shawinigan est une clinique m\u00e9dicale affili\u00e9e \u00e0 l\u2019Universit\u00e9 de Montr\u00e9al o\u00f9 sont form\u00e9s des \u00e9tudiants en m\u00e9decine et des r\u00e9sidents qui se sp\u00e9cialisent pour devenir m\u00e9decins de famille.\" \/>\n<meta property=\"og:url\" content=\"https:\/\/gmfushawi.ca\/index.php\/la-clinique\/\" \/>\n<meta property=\"og:site_name\" content=\"GMF-U de Shawinigan\" \/>\n<meta property=\"article:modified_time\" content=\"2026-03-15T12:41:23+00:00\" \/>\n<meta name=\"twitter:card\" content=\"summary_large_image\" \/>\n<meta name=\"twitter:label1\" content=\"Dur\u00e9e de lecture estim\u00e9e\" \/>\n\t<meta name=\"twitter:data1\" content=\"2 minutes\" \/>\n<script type=\"application\/ld+json\" class=\"yoast-schema-graph\">{\"@context\":\"https:\\\/\\\/schema.org\",\"@graph\":[{\"@type\":\"WebPage\",\"@id\":\"https:\\\/\\\/gmfushawi.ca\\\/index.php\\\/la-clinique\\\/\",\"url\":\"https:\\\/\\\/gmfushawi.ca\\\/index.php\\\/la-clinique\\\/\",\"name\":\"La clinique - GMF-U de Shawinigan\",\"isPartOf\":{\"@id\":\"https:\\\/\\\/gmfushawi.ca\\\/#website\"},\"datePublished\":\"2026-03-01T10:39:29+00:00\",\"dateModified\":\"2026-03-15T12:41:23+00:00\",\"description\":\"Le GMF-U de Shawinigan est une clinique m\u00e9dicale affili\u00e9e \u00e0 l\u2019Universit\u00e9 de Montr\u00e9al o\u00f9 sont form\u00e9s des \u00e9tudiants en m\u00e9decine et des r\u00e9sidents qui se sp\u00e9cialisent pour devenir m\u00e9decins de famille.\",\"breadcrumb\":{\"@id\":\"https:\\\/\\\/gmfushawi.ca\\\/index.php\\\/la-clinique\\\/#breadcrumb\"},\"inLanguage\":\"fr-FR\",\"potentialAction\":[{\"@type\":\"ReadAction\",\"target\":[\"https:\\\/\\\/gmfushawi.ca\\\/index.php\\\/la-clinique\\\/\"]}]},{\"@type\":\"BreadcrumbList\",\"@id\":\"https:\\\/\\\/gmfushawi.ca\\\/index.php\\\/la-clinique\\\/#breadcrumb\",\"itemListElement\":[{\"@type\":\"ListItem\",\"position\":1,\"name\":\"Accueil\",\"item\":\"https:\\\/\\\/gmfushawi.ca\\\/\"},{\"@type\":\"ListItem\",\"position\":2,\"name\":\"La clinique\"}]},{\"@type\":\"WebSite\",\"@id\":\"https:\\\/\\\/gmfushawi.ca\\\/#website\",\"url\":\"https:\\\/\\\/gmfushawi.ca\\\/\",\"name\":\"GMF-U de Shawinigan\",\"description\":\"\",\"publisher\":{\"@id\":\"https:\\\/\\\/gmfushawi.ca\\\/#organization\"},\"potentialAction\":[{\"@type\":\"SearchAction\",\"target\":{\"@type\":\"EntryPoint\",\"urlTemplate\":\"https:\\\/\\\/gmfushawi.ca\\\/?s={search_term_string}\"},\"query-input\":{\"@type\":\"PropertyValueSpecification\",\"valueRequired\":true,\"valueName\":\"search_term_string\"}}],\"inLanguage\":\"fr-FR\"},{\"@type\":\"Organization\",\"@id\":\"https:\\\/\\\/gmfushawi.ca\\\/#organization\",\"name\":\"GMF-U de Shawinigan\",\"url\":\"https:\\\/\\\/gmfushawi.ca\\\/\",\"logo\":{\"@type\":\"ImageObject\",\"inLanguage\":\"fr-FR\",\"@id\":\"https:\\\/\\\/gmfushawi.ca\\\/#\\\/schema\\\/logo\\\/image\\\/\",\"url\":\"https:\\\/\\\/gmfushawi.ca\\\/wp-content\\\/uploads\\\/2026\\\/03\\\/LogoEntete02.png\",\"contentUrl\":\"https:\\\/\\\/gmfushawi.ca\\\/wp-content\\\/uploads\\\/2026\\\/03\\\/LogoEntete02.png\",\"width\":160,\"height\":82,\"caption\":\"GMF-U de Shawinigan\"},\"image\":{\"@id\":\"https:\\\/\\\/gmfushawi.ca\\\/#\\\/schema\\\/logo\\\/image\\\/\"}}]}<\/script>\n<!-- \/ Yoast SEO plugin. -->","yoast_head_json":{"title":"La clinique - GMF-U de Shawinigan","description":"Le GMF-U de Shawinigan est une clinique m\u00e9dicale affili\u00e9e \u00e0 l\u2019Universit\u00e9 de Montr\u00e9al o\u00f9 sont form\u00e9s des \u00e9tudiants en m\u00e9decine et des r\u00e9sidents qui se sp\u00e9cialisent pour devenir m\u00e9decins de famille.","robots":{"index":"index","follow":"follow","max-snippet":"max-snippet:-1","max-image-preview":"max-image-preview:large","max-video-preview":"max-video-preview:-1"},"canonical":"https:\/\/gmfushawi.ca\/index.php\/la-clinique\/","og_locale":"fr_FR","og_type":"article","og_title":"La clinique - GMF-U de Shawinigan","og_description":"Le GMF-U de Shawinigan est une clinique m\u00e9dicale affili\u00e9e \u00e0 l\u2019Universit\u00e9 de Montr\u00e9al o\u00f9 sont form\u00e9s des \u00e9tudiants en m\u00e9decine et des r\u00e9sidents qui se sp\u00e9cialisent pour devenir m\u00e9decins de famille.","og_url":"https:\/\/gmfushawi.ca\/index.php\/la-clinique\/","og_site_name":"GMF-U de Shawinigan","article_modified_time":"2026-03-15T12:41:23+00:00","twitter_card":"summary_large_image","twitter_misc":{"Dur\u00e9e de lecture estim\u00e9e":"2 minutes"},"schema":{"@context":"https:\/\/schema.org","@graph":[{"@type":"WebPage","@id":"https:\/\/gmfushawi.ca\/index.php\/la-clinique\/","url":"https:\/\/gmfushawi.ca\/index.php\/la-clinique\/","name":"La clinique - GMF-U de Shawinigan","isPartOf":{"@id":"https:\/\/gmfushawi.ca\/#website"},"datePublished":"2026-03-01T10:39:29+00:00","dateModified":"2026-03-15T12:41:23+00:00","description":"Le GMF-U de Shawinigan est une clinique m\u00e9dicale affili\u00e9e \u00e0 l\u2019Universit\u00e9 de Montr\u00e9al o\u00f9 sont form\u00e9s des \u00e9tudiants en m\u00e9decine et des r\u00e9sidents qui se sp\u00e9cialisent pour devenir m\u00e9decins de famille.","breadcrumb":{"@id":"https:\/\/gmfushawi.ca\/index.php\/la-clinique\/#breadcrumb"},"inLanguage":"fr-FR","potentialAction":[{"@type":"ReadAction","target":["https:\/\/gmfushawi.ca\/index.php\/la-clinique\/"]}]},{"@type":"BreadcrumbList","@id":"https:\/\/gmfushawi.ca\/index.php\/la-clinique\/#breadcrumb","itemListElement":[{"@type":"ListItem","position":1,"name":"Accueil","item":"https:\/\/gmfushawi.ca\/"},{"@type":"ListItem","position":2,"name":"La clinique"}]},{"@type":"WebSite","@id":"https:\/\/gmfushawi.ca\/#website","url":"https:\/\/gmfushawi.ca\/","name":"GMF-U de Shawinigan","description":"","publisher":{"@id":"https:\/\/gmfushawi.ca\/#organization"},"potentialAction":[{"@type":"SearchAction","target":{"@type":"EntryPoint","urlTemplate":"https:\/\/gmfushawi.ca\/?s={search_term_string}"},"query-input":{"@type":"PropertyValueSpecification","valueRequired":true,"valueName":"search_term_string"}}],"inLanguage":"fr-FR"},{"@type":"Organization","@id":"https:\/\/gmfushawi.ca\/#organization","name":"GMF-U de Shawinigan","url":"https:\/\/gmfushawi.ca\/","logo":{"@type":"ImageObject","inLanguage":"fr-FR","@id":"https:\/\/gmfushawi.ca\/#\/schema\/logo\/image\/","url":"https:\/\/gmfushawi.ca\/wp-content\/uploads\/2026\/03\/LogoEntete02.png","contentUrl":"https:\/\/gmfushawi.ca\/wp-content\/uploads\/2026\/03\/LogoEntete02.png","width":160,"height":82,"caption":"GMF-U de Shawinigan"},"image":{"@id":"https:\/\/gmfushawi.ca\/#\/schema\/logo\/image\/"}}]}},"_links":{"self":[{"href":"https:\/\/gmfushawi.ca\/index.php\/wp-json\/wp\/v2\/pages\/1390","targetHints":{"allow":["GET"]}}],"collection":[{"href":"https:\/\/gmfushawi.ca\/index.php\/wp-json\/wp\/v2\/pages"}],"about":[{"href":"https:\/\/gmfushawi.ca\/index.php\/wp-json\/wp\/v2\/types\/page"}],"author":[{"embeddable":true,"href":"https:\/\/gmfushawi.ca\/index.php\/wp-json\/wp\/v2\/users\/1"}],"replies":[{"embeddable":true,"href":"https:\/\/gmfushawi.ca\/index.php\/wp-json\/wp\/v2\/comments?post=1390"}],"version-history":[{"count":5,"href":"https:\/\/gmfushawi.ca\/index.php\/wp-json\/wp\/v2\/pages\/1390\/revisions"}],"predecessor-version":[{"id":1809,"href":"https:\/\/gmfushawi.ca\/index.php\/wp-json\/wp\/v2\/pages\/1390\/revisions\/1809"}],"wp:attachment":[{"href":"https:\/\/gmfushawi.ca\/index.php\/wp-json\/wp\/v2\/media?parent=1390"}],"curies":[{"name":"wp","href":"https:\/\/api.w.org\/{rel}","templated":true}]}}